{"id":1820,"date":"2023-10-10T07:06:58","date_gmt":"2023-10-10T07:06:58","guid":{"rendered":"https:\/\/metvibes.xyz\/mteyapi\/?page_id=1820"},"modified":"2023-11-07T16:22:09","modified_gmt":"2023-11-07T16:22:09","slug":"tarihcemiz","status":"publish","type":"page","link":"https:\/\/metvibes.xyz\/mteyapi\/tarihcemiz\/","title":{"rendered":"Tarih\u00e7emiz"},"content":{"rendered":"\t\t<div data-elementor-type=\"wp-page\" data-elementor-id=\"1820\" class=\"elementor elementor-1820\" data-elementor-post-type=\"page\">\n\t\t\t\t\t\t\t\t\t<section class=\"elementor-section elementor-top-section elementor-element elementor-element-93b28ea elementor-section-height-min-height elementor-section-stretched elementor-section-content-bottom elementor-section-boxed elementor-section-height-default elementor-section-items-middle\" data-id=\"93b28ea\" data-element_type=\"section\" data-settings=\"{&quot;stretch_section&quot;:&quot;section-stretched&quot;,&quot;background_background&quot;:&quot;classic&quot;,&quot;_ha_eqh_enable&quot;:false}\">\n\t\t\t\t\t\t\t<div class=\"elementor-background-overlay\"><\/div>\n\t\t\t\t\t\t\t<div class=\"elementor-container elementor-column-gap-default\">\n\t\t\t\t\t<div class=\"elementor-column elementor-col-100 elementor-top-column elementor-element elementor-element-26cdfb7\" data-id=\"26cdfb7\" data-element_type=\"column\">\n\t\t\t<div class=\"elementor-widget-wrap elementor-element-populated\">\n\t\t\t\t\t\t\t\t<div class=\"elementor-element elementor-element-2edf2f3 elementor-widget elementor-widget-ha-breadcrumbs happy-addon ha-breadcrumbs happy-addon-pro\" data-id=\"2edf2f3\" data-element_type=\"widget\" data-widget_type=\"ha-breadcrumbs.default\">\n\t\t\t\t<div class=\"elementor-widget-container\">\n\t\t\t<ul class=\"ha-breadcrumbs\"><li class=\"ha-breadcrumbs-item ha-breadcrumbs-start\"><a href=\"https:\/\/metvibes.xyz\/mteyapi\/\" rel=\"home\"><span class=\"ha-breadcrumbs-text\"><span class=\"ha-breadcrumbs-home-icon\"><span class=\"fas fa-home\" aria-hidden=\"true\"><\/span><\/span>MTE Grup<\/span><\/a><\/li><\/ul>\t\t<\/div>\n\t\t\t\t<\/div>\n\t\t\t\t<div class=\"elementor-element elementor-element-ecc4efc elementor-widget__width-inherit elementor-widget elementor-widget-heading\" data-id=\"ecc4efc\" data-element_type=\"widget\" data-widget_type=\"heading.default\">\n\t\t\t\t<div class=\"elementor-widget-container\">\n\t\t\t<style>\/*! elementor - v3.16.0 - 09-10-2023 *\/\n.elementor-heading-title{padding:0;margin:0;line-height:1}.elementor-widget-heading .elementor-heading-title[class*=elementor-size-]>a{color:inherit;font-size:inherit;line-height:inherit}.elementor-widget-heading .elementor-heading-title.elementor-size-small{font-size:15px}.elementor-widget-heading .elementor-heading-title.elementor-size-medium{font-size:19px}.elementor-widget-heading .elementor-heading-title.elementor-size-large{font-size:29px}.elementor-widget-heading .elementor-heading-title.elementor-size-xl{font-size:39px}.elementor-widget-heading .elementor-heading-title.elementor-size-xxl{font-size:59px}<\/style><h2 class=\"elementor-heading-title elementor-size-default\">TAR\u0130H\u00c7EM\u0130Z<\/h2>\t\t<\/div>\n\t\t\t\t<\/div>\n\t\t\t\t\t<\/div>\n\t\t<\/div>\n\t\t\t\t\t\t\t<\/div>\n\t\t<\/section>\n\t\t\t\t<section class=\"elementor-section elementor-top-section elementor-element elementor-element-c2cf2b4 elementor-section-boxed elementor-section-height-default elementor-section-height-default\" data-id=\"c2cf2b4\" data-element_type=\"section\" data-settings=\"{&quot;_ha_eqh_enable&quot;:false}\">\n\t\t\t\t\t\t<div class=\"elementor-container elementor-column-gap-default\">\n\t\t\t\t\t<div class=\"elementor-column elementor-col-100 elementor-top-column elementor-element elementor-element-98b0b90\" data-id=\"98b0b90\" data-element_type=\"column\">\n\t\t\t<div class=\"elementor-widget-wrap elementor-element-populated\">\n\t\t\t\t\t\t\t\t<div class=\"elementor-element elementor-element-56e949f elementor-widget__width-initial elementor-widget elementor-widget-heading\" data-id=\"56e949f\" data-element_type=\"widget\" data-widget_type=\"heading.default\">\n\t\t\t\t<div class=\"elementor-widget-container\">\n\t\t\t<h2 class=\"elementor-heading-title elementor-size-default\">It has survived not only five centuries, but also the leap into electronic typesetting, remaining essentially unchanged. It was popularised in the 1960s with the release of Letraset sheets containing Lorem Ipsum passages, and more recently with desktop publishing software like Aldus PageMaker including versions of Lorem Ipsum.<\/h2>\t\t<\/div>\n\t\t\t\t<\/div>\n\t\t\t\t<div class=\"elementor-element elementor-element-091bf11 elementor-widget elementor-widget-tp-timeline\" data-id=\"091bf11\" data-element_type=\"widget\" data-widget_type=\"tp-timeline.default\">\n\t\t\t\t<div class=\"elementor-widget-container\">\n\t\t\t<div id=\"pt_plus_timeline\" class=\"pt-plus-timeline-list  layout-both   timeline-center-align timeline69e241845c51c timeline-style-1 \" data-id=\"timeline69e241845c51c\" data-masonry-type=\"no\"><div class=\"post-inner-loop \"><div class=\"timeline-track  \"><\/div><div class=\"timeline-track timeline-track-draw  \"><\/div><div class=\"timeline--icon\"><div class=\"timeline-beginning-icon\"><i class=\" fa fa-angle-double-down\" ><\/i><\/div><\/div><div class=\"grid-item timeline-item-wrap elementor-repeater-item-83ce2a3 timeline-left-content  text-pin-position-left\"  >\n\t\t\t\t\t\t\t<div class=\"timeline-inner-block timeline-transition\">\n\t\t\t\t\t\t\t\t<div class=\"timeline-item text-right \" >\n\t\t\t\t\t\t\t\t\t<div class=\"timeline-item-content timeline-transition text-right \"><div class=\"timeline-tl-before timeline-transition\"><\/div><h3 class=\"timeline-item-heading timeline-transition\">Birinci Ad\u0131m<\/h3><div class=\"timeline-content-image\">\n\t\t\t\t\t\t\t\t\t\t\t\t\t\t\t\t\n\t\t\t\t\t\t\t\t\t\t\t\t\t\t\t\t<\/div><div class=\"timeline-item-description timeline-transition\">I am text block. Click edit button to change this text. Lorem ipsum dolor sit amet.<\/div><\/div>\n\t\t\t\t\t\t\t\t<\/div>\n\t\t\t\t\t\t\t\t<div class=\"point-icon style-1\">\n\t\t\t\t\t\t\t\t\t<div class=\"timeline-tooltip-wrap\">\n\t\t\t\t\t\t\t\t\t\t<div class=\"timeline-point-icon\">\n\t\t\t\t\t\t\t\t\t\t\t<div class=\"timeline-pin-icon\"><i class=\" fa fa-bullseye point-icon-inner \" ><\/i><\/div>\n\t\t\t\t\t\t\t\t\t\t<\/div>\n\t\t\t\t\t\t\t\t\t<\/div>\n\t\t\t\t\t\t\t\t\t<div class=\"timeline-text-tooltip position-left timeline-transition\" style=\"opacity: 1;\">26-06-2023<div class=\"tooltip-arrow timeline-transition\"><\/div><\/div>\n\t\t\t\t\t\t\t\t<\/div>\n\t\t\t\t\t\t\t<\/div>\n\t\t\t\t\t<\/div><div class=\"grid-item timeline-item-wrap elementor-repeater-item-90c55a9 timeline-right-content  text-pin-position-right\"  >\n\t\t\t\t\t\t\t<div class=\"timeline-inner-block timeline-transition\">\n\t\t\t\t\t\t\t\t<div class=\"timeline-item text-left \" >\n\t\t\t\t\t\t\t\t\t<div class=\"timeline-item-content timeline-transition text-left \"><div class=\"timeline-tl-before timeline-transition\"><\/div><h3 class=\"timeline-item-heading timeline-transition\">\u0130kinci Ad\u0131m<\/h3><div class=\"timeline-content-image\">\n\t\t\t\t\t\t\t\t\t\t\t\t\t\t\t\t\n\t\t\t\t\t\t\t\t\t\t\t\t\t\t\t\t<\/div><div class=\"timeline-item-description timeline-transition\">I am text block. Click edit button to change this text. Lorem ipsum dolor sit amet.<\/div><\/div>\n\t\t\t\t\t\t\t\t<\/div>\n\t\t\t\t\t\t\t\t<div class=\"point-icon style-1\">\n\t\t\t\t\t\t\t\t\t<div class=\"timeline-tooltip-wrap\">\n\t\t\t\t\t\t\t\t\t\t<div class=\"timeline-point-icon\">\n\t\t\t\t\t\t\t\t\t\t\t<div class=\"timeline-pin-icon\"><i class=\" fa fa-bullseye point-icon-inner \" ><\/i><\/div>\n\t\t\t\t\t\t\t\t\t\t<\/div>\n\t\t\t\t\t\t\t\t\t<\/div>\n\t\t\t\t\t\t\t\t\t<div class=\"timeline-text-tooltip position-right timeline-transition\" style=\"opacity: 1;\">27-06-2023<div class=\"tooltip-arrow timeline-transition\"><\/div><\/div>\n\t\t\t\t\t\t\t\t<\/div>\n\t\t\t\t\t\t\t<\/div>\n\t\t\t\t\t<\/div><div class=\"grid-item timeline-item-wrap elementor-repeater-item-152ed97 timeline-left-content  text-pin-position-left\"  >\n\t\t\t\t\t\t\t<div class=\"timeline-inner-block timeline-transition\">\n\t\t\t\t\t\t\t\t<div class=\"timeline-item text-left \" >\n\t\t\t\t\t\t\t\t\t<div class=\"timeline-item-content timeline-transition text-left \"><div class=\"timeline-tl-before timeline-transition\"><\/div><h3 class=\"timeline-item-heading timeline-transition\">\u00dc\u00e7\u00fcnc\u00fc Ad\u0131m<\/h3><div class=\"timeline-content-image\">\n\t\t\t\t\t\t\t\t\t\t\t\t\t\t\t\t\n\t\t\t\t\t\t\t\t\t\t\t\t\t\t\t\t<\/div><div class=\"timeline-item-description timeline-transition\">I am text block. Click edit button to change this text. Lorem ipsum dolor sit amet.<\/div><\/div>\n\t\t\t\t\t\t\t\t<\/div>\n\t\t\t\t\t\t\t\t<div class=\"point-icon style-1\">\n\t\t\t\t\t\t\t\t\t<div class=\"timeline-tooltip-wrap\">\n\t\t\t\t\t\t\t\t\t\t<div class=\"timeline-point-icon\">\n\t\t\t\t\t\t\t\t\t\t\t<div class=\"timeline-pin-icon\"><i class=\" fa fa-bullseye point-icon-inner \" ><\/i><\/div>\n\t\t\t\t\t\t\t\t\t\t<\/div>\n\t\t\t\t\t\t\t\t\t<\/div>\n\t\t\t\t\t\t\t\t\t<div class=\"timeline-text-tooltip position-left timeline-transition\" style=\"opacity: 1;\">28-06-2023<div class=\"tooltip-arrow timeline-transition\"><\/div><\/div>\n\t\t\t\t\t\t\t\t<\/div>\n\t\t\t\t\t\t\t<\/div>\n\t\t\t\t\t<\/div><div class=\"grid-item timeline-item-wrap elementor-repeater-item-78b16e8 timeline-right-content  text-pin-position-right\"  >\n\t\t\t\t\t\t\t<div class=\"timeline-inner-block timeline-transition\">\n\t\t\t\t\t\t\t\t<div class=\"timeline-item text-left \" >\n\t\t\t\t\t\t\t\t\t<div class=\"timeline-item-content timeline-transition text-left \"><div class=\"timeline-tl-before timeline-transition\"><\/div><h3 class=\"timeline-item-heading timeline-transition\">D\u00f6rd\u00fcnc\u00fc Ad\u0131m<\/h3><div class=\"timeline-content-image\">\n\t\t\t\t\t\t\t\t\t\t\t\t\t\t\t\t\n\t\t\t\t\t\t\t\t\t\t\t\t\t\t\t\t<\/div><div class=\"timeline-item-description timeline-transition\">I am text block. Click edit button to change this text. Lorem ipsum dolor sit amet.<\/div><\/div>\n\t\t\t\t\t\t\t\t<\/div>\n\t\t\t\t\t\t\t\t<div class=\"point-icon style-1\">\n\t\t\t\t\t\t\t\t\t<div class=\"timeline-tooltip-wrap\">\n\t\t\t\t\t\t\t\t\t\t<div class=\"timeline-point-icon\">\n\t\t\t\t\t\t\t\t\t\t\t<div class=\"timeline-pin-icon\"><i class=\" fa fa-bullseye point-icon-inner \" ><\/i><\/div>\n\t\t\t\t\t\t\t\t\t\t<\/div>\n\t\t\t\t\t\t\t\t\t<\/div>\n\t\t\t\t\t\t\t\t\t<div class=\"timeline-text-tooltip position-right timeline-transition\" style=\"opacity: 1;\">29-06-2018<div class=\"tooltip-arrow timeline-transition\"><\/div><\/div>\n\t\t\t\t\t\t\t\t<\/div>\n\t\t\t\t\t\t\t<\/div>\n\t\t\t\t\t<\/div><div class=\"grid-item timeline-item-wrap elementor-repeater-item-8abdabc timeline-left-content  text-pin-position-left\"  >\n\t\t\t\t\t\t\t<div class=\"timeline-inner-block timeline-transition\">\n\t\t\t\t\t\t\t\t<div class=\"timeline-item text-left \" >\n\t\t\t\t\t\t\t\t\t<div class=\"timeline-item-content timeline-transition text-left \"><div class=\"timeline-tl-before timeline-transition\"><\/div><h3 class=\"timeline-item-heading timeline-transition\">Be\u015finci Ad\u0131m<\/h3><div class=\"timeline-content-image\">\n\t\t\t\t\t\t\t\t\t\t\t\t\t\t\t\t\n\t\t\t\t\t\t\t\t\t\t\t\t\t\t\t\t<\/div><div class=\"timeline-item-description timeline-transition\">I am text block. Click edit button to change this text. Lorem ipsum dolor sit amet.<\/div><\/div>\n\t\t\t\t\t\t\t\t<\/div>\n\t\t\t\t\t\t\t\t<div class=\"point-icon style-1\">\n\t\t\t\t\t\t\t\t\t<div class=\"timeline-tooltip-wrap\">\n\t\t\t\t\t\t\t\t\t\t<div class=\"timeline-point-icon\">\n\t\t\t\t\t\t\t\t\t\t\t<div class=\"timeline-pin-icon\"><i class=\" fa fa-bullseye point-icon-inner \" ><\/i><\/div>\n\t\t\t\t\t\t\t\t\t\t<\/div>\n\t\t\t\t\t\t\t\t\t<\/div>\n\t\t\t\t\t\t\t\t\t<div class=\"timeline-text-tooltip position-left timeline-transition\" style=\"opacity: 1;\">30-06-2018<div class=\"tooltip-arrow timeline-transition\"><\/div><\/div>\n\t\t\t\t\t\t\t\t<\/div>\n\t\t\t\t\t\t\t<\/div>\n\t\t\t\t\t<\/div><div class=\"grid-item timeline-item-wrap elementor-repeater-item-88c340f timeline-right-content  text-pin-position-right\"  >\n\t\t\t\t\t\t\t<div class=\"timeline-inner-block timeline-transition\">\n\t\t\t\t\t\t\t\t<div class=\"timeline-item text-left \" >\n\t\t\t\t\t\t\t\t\t<div class=\"timeline-item-content timeline-transition text-left \"><div class=\"timeline-tl-before timeline-transition\"><\/div><h3 class=\"timeline-item-heading timeline-transition\">Alt\u0131nc\u0131 Ad\u0131m<\/h3><div class=\"timeline-content-image\">\n\t\t\t\t\t\t\t\t\t\t\t\t\t\t\t\t\n\t\t\t\t\t\t\t\t\t\t\t\t\t\t\t\t<\/div><div class=\"timeline-item-description timeline-transition\">I am text block. Click edit button to change this text. Lorem ipsum dolor sit amet.<\/div><\/div>\n\t\t\t\t\t\t\t\t<\/div>\n\t\t\t\t\t\t\t\t<div class=\"point-icon style-1\">\n\t\t\t\t\t\t\t\t\t<div class=\"timeline-tooltip-wrap\">\n\t\t\t\t\t\t\t\t\t\t<div class=\"timeline-point-icon\">\n\t\t\t\t\t\t\t\t\t\t\t<div class=\"timeline-pin-icon\"><i class=\" fa fa-bullseye point-icon-inner \" ><\/i><\/div>\n\t\t\t\t\t\t\t\t\t\t<\/div>\n\t\t\t\t\t\t\t\t\t<\/div>\n\t\t\t\t\t\t\t\t\t<div class=\"timeline-text-tooltip position-right timeline-transition\" style=\"opacity: 1;\">31-06-2018<div class=\"tooltip-arrow timeline-transition\"><\/div><\/div>\n\t\t\t\t\t\t\t\t<\/div>\n\t\t\t\t\t\t\t<\/div>\n\t\t\t\t\t<\/div><div class=\"timeline--icon\"><div class=\"timeline-end-icon\"><i class=\" fa fa-stop-circle\" ><\/i><\/div><\/div><\/div><\/div><style>@media (min-width:731px){.timeline69e241845c51c.timeline-style-1 .timeline-item-wrap .timeline-item .timeline-tl-before{width:120px}.timeline69e241845c51c.timeline-style-1.timeline-center-align .timeline-left-content{padding-right:120px}.timeline69e241845c51c.timeline-style-1.timeline-center-align .timeline-right-content{padding-left:120px}.timeline69e241845c51c.timeline-style-1.timeline-left-align .timeline-item-wrap{padding-right:120px !important;}.timeline69e241845c51c.timeline-style-1.timeline-right-align .timeline-item-wrap.timeline-left-content,.timeline69e241845c51c.timeline-style-1.timeline-right-align .timeline-item-wrap.timeline-right-content{padding-left:120px !important;}}<\/style>\t\t<\/div>\n\t\t\t\t<\/div>\n\t\t\t\t<div class=\"elementor-element elementor-element-2b9d4d8 elementor-widget__width-initial elementor-widget elementor-widget-heading\" data-id=\"2b9d4d8\" data-element_type=\"widget\" data-widget_type=\"heading.default\">\n\t\t\t\t<div class=\"elementor-widget-container\">\n\t\t\t<h2 class=\"elementor-heading-title elementor-size-default\">Lorem Ipsum is simply dummy text of the printing and typesetting industry. Lorem Ipsum has been the industry's standard dummy text ever since the 1500s, when an unknown printer took a galley of type and scrambled it to make a type specimen book.\n<br><br> It has survived not only five centuries, but also the leap into electronic typesetting, remaining essentially unchanged. It was popularised in the 1960s with the release of Letraset sheets containing Lorem Ipsum passages, and more recently with desktop publishing software like Aldus PageMaker including versions of Lorem Ipsum.<\/h2>\t\t<\/div>\n\t\t\t\t<\/div>\n\t\t\t\t\t<\/div>\n\t\t<\/div>\n\t\t\t\t\t\t\t<\/div>\n\t\t<\/section>\n\t\t\t\t\t\t\t<\/div>\n\t\t","protected":false},"excerpt":{"rendered":"<p>MTE Grup TAR\u0130H\u00c7EM\u0130Z It has survived not only five centuries, but also the leap into electronic typesetting, remaining essentially unchanged. It was popularised in the 1960s with the release of Letraset sheets containing Lorem Ipsum passages, and more recently with desktop publishing software like Aldus PageMaker including versions of Lorem Ipsum. Birinci Ad\u0131m I am [&hellip;]<\/p>\n","protected":false},"author":1,"featured_media":0,"parent":0,"menu_order":0,"comment_status":"closed","ping_status":"closed","template":"","meta":{"footnotes":""},"class_list":["post-1820","page","type-page","status-publish","hentry"],"_links":{"self":[{"href":"https:\/\/metvibes.xyz\/mteyapi\/wp-json\/wp\/v2\/pages\/1820","targetHints":{"allow":["GET"]}}],"collection":[{"href":"https:\/\/metvibes.xyz\/mteyapi\/wp-json\/wp\/v2\/pages"}],"about":[{"href":"https:\/\/metvibes.xyz\/mteyapi\/wp-json\/wp\/v2\/types\/page"}],"author":[{"embeddable":true,"href":"https:\/\/metvibes.xyz\/mteyapi\/wp-json\/wp\/v2\/users\/1"}],"replies":[{"embeddable":true,"href":"https:\/\/metvibes.xyz\/mteyapi\/wp-json\/wp\/v2\/comments?post=1820"}],"version-history":[{"count":25,"href":"https:\/\/metvibes.xyz\/mteyapi\/wp-json\/wp\/v2\/pages\/1820\/revisions"}],"predecessor-version":[{"id":2120,"href":"https:\/\/metvibes.xyz\/mteyapi\/wp-json\/wp\/v2\/pages\/1820\/revisions\/2120"}],"wp:attachment":[{"href":"https:\/\/metvibes.xyz\/mteyapi\/wp-json\/wp\/v2\/media?parent=1820"}],"curies":[{"name":"wp","href":"https:\/\/api.w.org\/{rel}","templated":true}]}}