{"id":1703,"date":"2023-10-09T10:30:51","date_gmt":"2023-10-09T10:30:51","guid":{"rendered":"https:\/\/metvibes.xyz\/mteyapi\/?page_id=1703"},"modified":"2023-10-12T08:23:20","modified_gmt":"2023-10-12T08:23:20","slug":"baskanin-mesaji","status":"publish","type":"page","link":"https:\/\/metvibes.xyz\/mteyapi\/baskanin-mesaji\/","title":{"rendered":"Ba\u015fkan\u0131n Mesaj\u0131"},"content":{"rendered":"\t\t<div data-elementor-type=\"wp-page\" data-elementor-id=\"1703\" class=\"elementor elementor-1703\" data-elementor-post-type=\"page\">\n\t\t\t\t\t\t\t\t\t<section class=\"elementor-section elementor-top-section elementor-element elementor-element-dd7b970 elementor-section-height-min-height elementor-section-stretched elementor-section-content-bottom elementor-section-boxed elementor-section-height-default elementor-section-items-middle\" data-id=\"dd7b970\" data-element_type=\"section\" data-settings=\"{&quot;stretch_section&quot;:&quot;section-stretched&quot;,&quot;background_background&quot;:&quot;classic&quot;,&quot;_ha_eqh_enable&quot;:false}\">\n\t\t\t\t\t\t\t<div class=\"elementor-background-overlay\"><\/div>\n\t\t\t\t\t\t\t<div class=\"elementor-container elementor-column-gap-default\">\n\t\t\t\t\t<div class=\"elementor-column elementor-col-100 elementor-top-column elementor-element elementor-element-7af0160\" data-id=\"7af0160\" data-element_type=\"column\">\n\t\t\t<div class=\"elementor-widget-wrap elementor-element-populated\">\n\t\t\t\t\t\t\t\t<div class=\"elementor-element elementor-element-6c35372 elementor-widget elementor-widget-ha-breadcrumbs happy-addon ha-breadcrumbs happy-addon-pro\" data-id=\"6c35372\" data-element_type=\"widget\" data-widget_type=\"ha-breadcrumbs.default\">\n\t\t\t\t<div class=\"elementor-widget-container\">\n\t\t\t<ul class=\"ha-breadcrumbs\"><li class=\"ha-breadcrumbs-item ha-breadcrumbs-start\"><a href=\"https:\/\/metvibes.xyz\/mteyapi\/\" rel=\"home\"><span class=\"ha-breadcrumbs-text\"><span class=\"ha-breadcrumbs-home-icon\"><span class=\"fas fa-home\" aria-hidden=\"true\"><\/span><\/span>MTE Grup<\/span><\/a><\/li><\/ul>\t\t<\/div>\n\t\t\t\t<\/div>\n\t\t\t\t<div class=\"elementor-element elementor-element-3604f32 elementor-widget__width-inherit elementor-widget elementor-widget-heading\" data-id=\"3604f32\" data-element_type=\"widget\" data-widget_type=\"heading.default\">\n\t\t\t\t<div class=\"elementor-widget-container\">\n\t\t\t<style>\/*! elementor - v3.16.0 - 09-10-2023 *\/\n.elementor-heading-title{padding:0;margin:0;line-height:1}.elementor-widget-heading .elementor-heading-title[class*=elementor-size-]>a{color:inherit;font-size:inherit;line-height:inherit}.elementor-widget-heading .elementor-heading-title.elementor-size-small{font-size:15px}.elementor-widget-heading .elementor-heading-title.elementor-size-medium{font-size:19px}.elementor-widget-heading .elementor-heading-title.elementor-size-large{font-size:29px}.elementor-widget-heading .elementor-heading-title.elementor-size-xl{font-size:39px}.elementor-widget-heading .elementor-heading-title.elementor-size-xxl{font-size:59px}<\/style><h2 class=\"elementor-heading-title elementor-size-default\">BA\u015eKANIN MESAJI<\/h2>\t\t<\/div>\n\t\t\t\t<\/div>\n\t\t\t\t\t<\/div>\n\t\t<\/div>\n\t\t\t\t\t\t\t<\/div>\n\t\t<\/section>\n\t\t\t\t<section class=\"elementor-section elementor-top-section elementor-element elementor-element-87d5f3f elementor-section-boxed elementor-section-height-default elementor-section-height-default\" data-id=\"87d5f3f\" data-element_type=\"section\" data-settings=\"{&quot;_ha_eqh_enable&quot;:false}\">\n\t\t\t\t\t\t<div class=\"elementor-container elementor-column-gap-default\">\n\t\t\t\t\t<div class=\"elementor-column elementor-col-100 elementor-top-column elementor-element elementor-element-99b5ac6\" data-id=\"99b5ac6\" data-element_type=\"column\">\n\t\t\t<div class=\"elementor-widget-wrap elementor-element-populated\">\n\t\t\t\t\t\t\t\t<div class=\"elementor-element elementor-element-b8bf629 elementor-widget__width-initial elementor-widget elementor-widget-heading\" data-id=\"b8bf629\" data-element_type=\"widget\" data-widget_type=\"heading.default\">\n\t\t\t\t<div class=\"elementor-widget-container\">\n\t\t\t<h2 class=\"elementor-heading-title elementor-size-default\">MTE YAPI, in\u015faat alan\u0131ndaki 35 y\u0131l\u0131 a\u015fan aile tecr\u00fcbesini 2. ku\u015fak y\u00f6neticilerin vizyonu ve dinamizmi ile birle\u015ftirerek 2011 y\u0131l\u0131nda in\u015faat sekt\u00f6r\u00fcne giri\u015f yapm\u0131\u015ft\u0131r. 2011 y\u0131l\u0131nda, t\u00fcm \u015firketlerin Enisler Group \u00e7at\u0131s\u0131 alt\u0131nda toplanmas\u0131 ile birlikte, grup sinerjisinin vermi\u015f oldu\u011fu ivmeyle MTE YAPI; \u00f6rnek al\u0131nan, kal\u0131c\u0131 ya\u015fam alanlar\u0131 ve ticari projeleri h\u0131zla ve g\u00fcvenle hayata ge\u00e7iren, sekt\u00f6r\u00fcnde ilk akla gelen, sayg\u0131 duyulan ve i\u00e7inde bulundu\u011fu topluluklara her daim pozitif katk\u0131 yapan bir kurum olma yolundaki \u00e7al\u0131\u015fmalar\u0131na h\u0131z vermi\u015ftir.<\/h2>\t\t<\/div>\n\t\t\t\t<\/div>\n\t\t\t\t<div class=\"elementor-element elementor-element-1104608 elementor-widget elementor-widget-image\" data-id=\"1104608\" data-element_type=\"widget\" data-widget_type=\"image.default\">\n\t\t\t\t<div class=\"elementor-widget-container\">\n\t\t\t<style>\/*! elementor - v3.16.0 - 09-10-2023 *\/\n.elementor-widget-image{text-align:center}.elementor-widget-image a{display:inline-block}.elementor-widget-image a img[src$=\".svg\"]{width:48px}.elementor-widget-image img{vertical-align:middle;display:inline-block}<\/style>\t\t\t\t\t\t\t\t\t\t\t\t<img loading=\"lazy\" decoding=\"async\" width=\"136\" height=\"136\" src=\"https:\/\/metvibes.xyz\/mteyapi\/wp-content\/uploads\/2023\/10\/cropped_image-1.png\" class=\"attachment-large size-large wp-image-1713\" alt=\"\" \/>\t\t\t\t\t\t\t\t\t\t\t\t\t\t\t<\/div>\n\t\t\t\t<\/div>\n\t\t\t\t\t<\/div>\n\t\t<\/div>\n\t\t\t\t\t\t\t<\/div>\n\t\t<\/section>\n\t\t\t\t<section class=\"elementor-section elementor-top-section elementor-element elementor-element-e75a6d2 elementor-section-boxed elementor-section-height-default elementor-section-height-default\" data-id=\"e75a6d2\" data-element_type=\"section\" data-settings=\"{&quot;_ha_eqh_enable&quot;:false}\">\n\t\t\t\t\t\t<div class=\"elementor-container elementor-column-gap-default\">\n\t\t\t\t\t<div class=\"elementor-column elementor-col-100 elementor-top-column elementor-element elementor-element-1454ccb\" data-id=\"1454ccb\" data-element_type=\"column\">\n\t\t\t<div class=\"elementor-widget-wrap elementor-element-populated\">\n\t\t\t\t\t\t\t\t<div class=\"elementor-element elementor-element-e9ee2f6 elementor-widget__width-initial elementor-widget elementor-widget-heading\" data-id=\"e9ee2f6\" data-element_type=\"widget\" data-widget_type=\"heading.default\">\n\t\t\t\t<div class=\"elementor-widget-container\">\n\t\t\t<h2 class=\"elementor-heading-title elementor-size-default\">Lorem Ipsum is simply dummy text of the printing and typesetting industry. Lorem Ipsum has been the industry's standard dummy text ever since the 1500s, when an unknown printer took a galley of type and scrambled it to make a type specimen book.\n<br><br> It has survived not only five centuries, but also the leap into electronic typesetting, remaining essentially unchanged. It was popularised in the 1960s with the release of Letraset sheets containing Lorem Ipsum passages, and more recently with desktop publishing software like Aldus PageMaker including versions of Lorem Ipsum.<\/h2>\t\t<\/div>\n\t\t\t\t<\/div>\n\t\t\t\t<div class=\"elementor-element elementor-element-7381f31 elementor-widget elementor-widget-text-editor\" data-id=\"7381f31\" data-element_type=\"widget\" data-widget_type=\"text-editor.default\">\n\t\t\t\t<div class=\"elementor-widget-container\">\n\t\t\t<style>\/*! elementor - v3.16.0 - 09-10-2023 *\/\n.elementor-widget-text-editor.elementor-drop-cap-view-stacked .elementor-drop-cap{background-color:#69727d;color:#fff}.elementor-widget-text-editor.elementor-drop-cap-view-framed .elementor-drop-cap{color:#69727d;border:3px solid;background-color:transparent}.elementor-widget-text-editor:not(.elementor-drop-cap-view-default) .elementor-drop-cap{margin-top:8px}.elementor-widget-text-editor:not(.elementor-drop-cap-view-default) .elementor-drop-cap-letter{width:1em;height:1em}.elementor-widget-text-editor .elementor-drop-cap{float:left;text-align:center;line-height:1;font-size:50px}.elementor-widget-text-editor .elementor-drop-cap-letter{display:inline-block}<\/style>\t\t\t\tMuhammed Talha EN\u0130S\t\t\t\t\t\t<\/div>\n\t\t\t\t<\/div>\n\t\t\t\t<div class=\"elementor-element elementor-element-2888ece elementor-widget elementor-widget-text-editor\" data-id=\"2888ece\" data-element_type=\"widget\" data-widget_type=\"text-editor.default\">\n\t\t\t\t<div class=\"elementor-widget-container\">\n\t\t\t\t\t\t\t<p>MTE Grup Y\u00f6netim Kurulu Ba\u015fkan\u0131<\/p>\t\t\t\t\t\t<\/div>\n\t\t\t\t<\/div>\n\t\t\t\t\t<\/div>\n\t\t<\/div>\n\t\t\t\t\t\t\t<\/div>\n\t\t<\/section>\n\t\t\t\t\t\t\t<\/div>\n\t\t","protected":false},"excerpt":{"rendered":"<p>MTE Grup BA\u015eKANIN MESAJI MTE YAPI, in\u015faat alan\u0131ndaki 35 y\u0131l\u0131 a\u015fan aile tecr\u00fcbesini 2. ku\u015fak y\u00f6neticilerin vizyonu ve dinamizmi ile birle\u015ftirerek 2011 y\u0131l\u0131nda in\u015faat sekt\u00f6r\u00fcne giri\u015f yapm\u0131\u015ft\u0131r. 2011 y\u0131l\u0131nda, t\u00fcm \u015firketlerin Enisler Group \u00e7at\u0131s\u0131 alt\u0131nda toplanmas\u0131 ile birlikte, grup sinerjisinin vermi\u015f oldu\u011fu ivmeyle MTE YAPI; \u00f6rnek al\u0131nan, kal\u0131c\u0131 ya\u015fam alanlar\u0131 ve ticari projeleri h\u0131zla ve [&hellip;]<\/p>\n","protected":false},"author":1,"featured_media":0,"parent":0,"menu_order":0,"comment_status":"closed","ping_status":"closed","template":"","meta":{"footnotes":""},"class_list":["post-1703","page","type-page","status-publish","hentry"],"_links":{"self":[{"href":"https:\/\/metvibes.xyz\/mteyapi\/wp-json\/wp\/v2\/pages\/1703","targetHints":{"allow":["GET"]}}],"collection":[{"href":"https:\/\/metvibes.xyz\/mteyapi\/wp-json\/wp\/v2\/pages"}],"about":[{"href":"https:\/\/metvibes.xyz\/mteyapi\/wp-json\/wp\/v2\/types\/page"}],"author":[{"embeddable":true,"href":"https:\/\/metvibes.xyz\/mteyapi\/wp-json\/wp\/v2\/users\/1"}],"replies":[{"embeddable":true,"href":"https:\/\/metvibes.xyz\/mteyapi\/wp-json\/wp\/v2\/comments?post=1703"}],"version-history":[{"count":28,"href":"https:\/\/metvibes.xyz\/mteyapi\/wp-json\/wp\/v2\/pages\/1703\/revisions"}],"predecessor-version":[{"id":1994,"href":"https:\/\/metvibes.xyz\/mteyapi\/wp-json\/wp\/v2\/pages\/1703\/revisions\/1994"}],"wp:attachment":[{"href":"https:\/\/metvibes.xyz\/mteyapi\/wp-json\/wp\/v2\/media?parent=1703"}],"curies":[{"name":"wp","href":"https:\/\/api.w.org\/{rel}","templated":true}]}}