{"id":8903,"date":"2025-07-17T11:17:54","date_gmt":"2025-07-17T11:17:54","guid":{"rendered":"https:\/\/dev252.kodesolution.com\/finclix\/?page_id=8903"},"modified":"2026-03-09T18:57:31","modified_gmt":"2026-03-09T18:57:31","slug":"hakkimizda","status":"publish","type":"page","link":"https:\/\/metvibes.xyz\/jsholding\/hakkimizda\/","title":{"rendered":"Hakk\u0131m\u0131zda"},"content":{"rendered":"\t\t<div data-elementor-type=\"wp-page\" data-elementor-id=\"8903\" class=\"elementor elementor-8903\" data-elementor-post-type=\"page\">\n\t\t\t\t<div class=\"elementor-element elementor-element-14d0c99 e-flex e-con-boxed tm-col-stretched-none tm-bg-color-over-image e-con e-parent\" data-id=\"14d0c99\" data-element_type=\"container\">\n\t\t\t\t\t<div class=\"e-con-inner\">\n\t\t<div class=\"elementor-element elementor-element-15a49fd e-con-full e-flex tm-col-stretched-none tm-bg-color-over-image e-con e-child\" data-id=\"15a49fd\" data-element_type=\"container\">\n\t\t<div class=\"elementor-element elementor-element-21acc04 e-con-full tm-col-stretched-none e-flex tm-bg-color-over-image e-con e-child\" data-id=\"21acc04\" data-element_type=\"container\">\n\t\t<div class=\"elementor-element elementor-element-9a4f495 e-con-full e-flex tm-col-stretched-none tm-bg-color-over-image e-con e-child\" data-id=\"9a4f495\" data-element_type=\"container\" data-settings=\"{&quot;background_background&quot;:&quot;classic&quot;}\">\n\t\t\t\t<div class=\"elementor-element elementor-element-3bd6950 elementor-widget elementor-widget-tm-ele-text-editor\" data-id=\"3bd6950\" data-element_type=\"widget\" data-widget_type=\"tm-ele-text-editor.default\">\n\t\t\t\t<div class=\"elementor-widget-container\">\n\t\t\t\t\t\t\t<div class=\"tm-text-editor\" >\r\n\t\t<h4>KURUMSAL<\/h4>\t\t<\/div>\r\n\t\t\t\t\t<\/div>\n\t\t\t\t<\/div>\n\t\t\t\t<div class=\"elementor-element elementor-element-e649f48 elementor-widget__width-initial elementor-absolute elementor-widget-divider--view-line elementor-widget elementor-widget-divider\" data-id=\"e649f48\" data-element_type=\"widget\" data-settings=\"{&quot;_position&quot;:&quot;absolute&quot;}\" data-widget_type=\"divider.default\">\n\t\t\t\t\t\t\t<div class=\"elementor-divider\">\n\t\t\t<span class=\"elementor-divider-separator\">\n\t\t\t\t\t\t<\/span>\n\t\t<\/div>\n\t\t\t\t\t\t<\/div>\n\t\t\t\t<div class=\"elementor-element elementor-element-ffd1564 elementor-widget elementor-widget-tm-ele-navigation-menu\" data-id=\"ffd1564\" data-element_type=\"widget\" data-widget_type=\"tm-ele-navigation-menu.default\">\n\t\t\t\t<div class=\"elementor-widget-container\">\n\t\t\t\t\t<div class=\"tm-sc-simple-nav-menu\"><ul id=\"menu-kurumsal\" class=\"\"><li id=\"menu-item-16963\" class=\"menu-item menu-item-type-post_type menu-item-object-page menu-item-16963\"><a href=\"https:\/\/metvibes.xyz\/jsholding\/hakkimizda\/\"><i class=\"tm-nav-arrow-icon  flaticon-common-arrow-right\"><\/i>Hakk\u0131m\u0131zda<\/a><\/li>\n<li id=\"menu-item-16964\" class=\"menu-item menu-item-type-post_type menu-item-object-page menu-item-16964\"><a href=\"https:\/\/metvibes.xyz\/jsholding\/degerlerimiz\/\"><i class=\"tm-nav-arrow-icon  flaticon-common-arrow-right\"><\/i>De\u011ferlerimiz<\/a><\/li>\n<li id=\"menu-item-16966\" class=\"menu-item menu-item-type-post_type menu-item-object-page menu-item-16966\"><a href=\"https:\/\/metvibes.xyz\/jsholding\/yonetim-kurulu\/\"><i class=\"tm-nav-arrow-icon  flaticon-common-arrow-right\"><\/i>Y\u00f6netim Kurulu<\/a><\/li>\n<li id=\"menu-item-16967\" class=\"menu-item menu-item-type-post_type menu-item-object-page menu-item-16967\"><a href=\"https:\/\/metvibes.xyz\/jsholding\/bridge2future\/\"><i class=\"tm-nav-arrow-icon  flaticon-common-arrow-right\"><\/i>Bridge2Future<\/a><\/li>\n<li id=\"menu-item-16965\" class=\"menu-item menu-item-type-post_type menu-item-object-page menu-item-16965\"><a href=\"https:\/\/metvibes.xyz\/jsholding\/ctpec\/\"><i class=\"tm-nav-arrow-icon  flaticon-common-arrow-right\"><\/i>CTPEC<\/a><\/li>\n<\/ul><\/div>\t\t\t\t<\/div>\n\t\t\t\t<\/div>\n\t\t\t\t<\/div>\n\t\t<div class=\"elementor-element elementor-element-e465ebf e-con-full tm-col-stretched-none e-flex tm-bg-color-over-image e-con e-child\" data-id=\"e465ebf\" data-element_type=\"container\" data-settings=\"{&quot;background_background&quot;:&quot;classic&quot;}\">\n\t\t\t\t<div class=\"elementor-element elementor-element-71e646d elementor-widget elementor-widget-tm-ele-text-editor\" data-id=\"71e646d\" data-element_type=\"widget\" data-widget_type=\"tm-ele-text-editor.default\">\n\t\t\t\t<div class=\"elementor-widget-container\">\n\t\t\t\t\t\t\t<div class=\"tm-text-editor\" >\r\n\t\t<h4>\u0130LET\u0130\u015e\u0130M<\/h4>\t\t<\/div>\r\n\t\t\t\t\t<\/div>\n\t\t\t\t<\/div>\n\t\t\t\t<div class=\"elementor-element elementor-element-fef160d elementor-widget elementor-widget-tm-ele-text-editor-advanced\" data-id=\"fef160d\" data-element_type=\"widget\" data-widget_type=\"tm-ele-text-editor-advanced.default\">\n\t\t\t\t<div class=\"elementor-widget-container\">\n\t\t\t\t\t\t\t<div class=\"tm-text-editor-advanced\">\r\n\t\t\t\t\t<div class=\"each-item elementor-repeater-item-f5252c0\" >\r\n\t\t\t\t<p><span style=\"color: #000000;\">Maslak Mh. Maslak Meydan Sk. Beybi Giz Plaza A Blok 18. Kat<\/span><\/p>\t\t\t\t<\/div>\r\n\t\t\t\t\t\t\t\t<div class=\"each-item elementor-repeater-item-7af36a6\" >\r\n\t\t\t\t<p><span style=\"color: #000000;\">Sar\u0131yer \/ \u0130stanbul<\/span><\/p>\t\t\t\t<\/div>\r\n\t\t\t\t\t\t\t\t<div class=\"each-item elementor-repeater-item-bd5788b\" >\r\n\t\t\t\t<p><a href=\"mailto:info@jsholding.com.tr\"><b>info@jsholding.com.tr<\/b><\/a><\/p>\t\t\t\t<\/div>\r\n\t\t\t\t\t\t<\/div>\r\n\t\t\t\t\t<\/div>\n\t\t\t\t<\/div>\n\t\t\t\t<div class=\"elementor-element elementor-element-468a519 elementor-widget elementor-widget-tm-ele-iconbox\" data-id=\"468a519\" data-element_type=\"widget\" data-widget_type=\"tm-ele-iconbox.default\">\n\t\t\t\t<div class=\"elementor-widget-container\">\n\t\t\t\t\t<div class=\"tm-sc-icon-box icon-box icon-left font-icon icon-left animate-hover icon-rotate-y\">\r\n\t\r\n  \t<div class=\"icon-box-wrapper\">\r\n\t\t\r\n\t\t<div class=\"icon-wrapper\">\r\n\t\t<div class=\"icon icon-default icon-type-font-icon icon-size-default\">\r\n\t\t\t<i aria-hidden=\"true\" class=\" flaticon-common-technology\"><\/i>\t\t<\/div>\r\n\r\n\t\t\t<\/div>\r\n\t\t\t<div class=\"icon-text\">\r\n\t\t\t\t\t\t<div class=\"content\"><h6>Telefon No:<\/h6><\/div>\r\n\t\t\t\r\n\t\t\t\t<h5 class=\"icon-box-title \">\r\n\t\t\t\t\t\t\t+90 850 307 8 777\t\t\t\t\t<\/h5>\r\n\t\t\t\t\t\r\n\t\t\t\r\n\t\r\n\t\t\t\t\t<\/div>\r\n\t\t<div class=\"clearfix\"><\/div>\r\n\t<\/div>\r\n<\/div>\t\t\t\t<\/div>\n\t\t\t\t<\/div>\n\t\t\t\t<\/div>\n\t\t\t\t<\/div>\n\t\t<div class=\"elementor-element elementor-element-c01f31a e-con-full e-flex tm-col-stretched-none tm-bg-color-over-image e-con e-child\" data-id=\"c01f31a\" data-element_type=\"container\">\n\t\t\t\t<div class=\"elementor-element elementor-element-6470603 elementor-widget elementor-widget-tm-ele-text-editor\" data-id=\"6470603\" data-element_type=\"widget\" data-widget_type=\"tm-ele-text-editor.default\">\n\t\t\t\t<div class=\"elementor-widget-container\">\n\t\t\t\t\t\t\t<div class=\"tm-text-editor\" >\r\n\t\t<h3><span style=\"color: #000000;\">HAKKIMIZDA<\/span><\/h3><p><span style=\"font-weight: 400; color: #000000;\">1957 y\u0131l\u0131nda \u00c7in\u2019de kurulan JS, end\u00fcstriyel otomasyon ve entegre tedarik zinciri y\u00f6netimi alanlar\u0131ndaki derin uzmanl\u0131\u011f\u0131yla yar\u0131m asr\u0131 a\u015fk\u0131n s\u00fcredir k\u00fcresel sanayi ekosistemine y\u00f6n veren \u00e7ok uluslu bir grup yap\u0131s\u0131d\u0131r. Sanayi ve yenilenebilir enerjiden k\u00e2\u011f\u0131t ve ambalaja; m\u00fchendislikten reklamc\u0131l\u0131\u011fa, yat\u0131r\u0131m ve geli\u015ftirmeden e\u011fitime uzanan geni\u015f faaliyet alanlar\u0131yla s\u00fcrd\u00fcr\u00fclebilir de\u011fer \u00fcreten b\u00fct\u00fcnc\u00fcl bir organizasyon modelini ba\u015far\u0131yla y\u00f6netmektedir.<\/span><\/p><p><span style=\"font-weight: 400; color: #000000;\">Bug\u00fcn 60\u2019tan fazla \u00fclkede, 3.500\u2019\u00fc a\u015fk\u0131n \u00e7al\u0131\u015fan\u0131, 100\u2019\u00fcn \u00fczerinde \u015firketi ve 200\u2019den fazla stratejik i\u015f orta\u011f\u0131yla faaliyet g\u00f6steren JS; 109 \u00fcretim hatt\u0131, 76 tamamlanm\u0131\u015f proje, 346 m\u00fchendis ve teknik personel ile toplamda 1.146 ki\u015filik bir istihdam yap\u0131s\u0131na sahiptir. 2005 y\u0131l\u0131ndan bu yana T\u00fcrkiye\u2019de hayata ge\u00e7irdi\u011fi projelerle g\u00fc\u00e7l\u00fc ve kal\u0131c\u0131 bir etki yaratmaktad\u0131r. Yerli \u00fcretim vizyonunu yaln\u0131zca bir hedef de\u011fil, stratejik bir sorumluluk olarak benimseyen grup; T\u00fcrkiye\u2019nin sanayi altyap\u0131s\u0131n\u0131n g\u00fc\u00e7lenmesine ve k\u00fcresel rekabet g\u00fcc\u00fcn\u00fcn artmas\u0131na do\u011frudan katk\u0131 sunmaktad\u0131r.<\/span><\/p><p><span style=\"font-weight: 400; color: #000000;\">JS Group; JSNE, JS Makina, Anatolia Papermaking, Talos, JS AD, JS EDU ve JS ID markalar\u0131yla, k\u00e2\u011f\u0131t ve ambalajdan yenilenebilir enerjiye, dijital bask\u0131dan ak\u0131ll\u0131 mobilite \u00e7\u00f6z\u00fcmlerine, yapay zek\u00e2 destekli yaz\u0131l\u0131m platformlar\u0131ndan ileri m\u00fchendislik uygulamalar\u0131na kadar uzanan y\u00fcksek kapasiteli ve entegre bir \u00fcretim ve teknoloji altyap\u0131s\u0131 sunmaktad\u0131r.<\/span><\/p><p><span style=\"font-weight: 400; color: #000000;\">K\u00f6kl\u00fc tecr\u00fcbesini yenilik\u00e7i bak\u0131\u015f a\u00e7\u0131s\u0131yla birle\u015ftiren JS Group, T\u00fcrkiye\u2019nin \u00fcretim g\u00fcc\u00fcn\u00fc k\u00fcresel \u00f6l\u00e7ekte daha rekabet\u00e7i bir konuma ta\u015f\u0131rken; dijitalle\u015fen, s\u00fcrd\u00fcr\u00fclebilir ve y\u00fcksek katma de\u011ferli end\u00fcstriyel ekosistemlerin in\u015fas\u0131nda \u00f6nc\u00fc rol \u00fcstlenmeye devam etmektedir.<\/span><\/p><p><span style=\"color: #000000;\"><span style=\"font-weight: 400;\">Bu vizyonun merkezinde, JS Group\u2019un gelecek yakla\u015f\u0131m\u0131n\u0131 tan\u0131mlayan <\/span><b>Bridge2Future<\/b><span style=\"font-weight: 400;\"> yer almaktad\u0131r. Bridge2Future; ge\u00e7mi\u015fin m\u00fchendislik birikimi ile gelece\u011fin teknolojilerini ayn\u0131 vizyonda bulu\u015fturma anlay\u0131\u015f\u0131m\u0131z\u0131n bir ifadesidir. Deneyim ile inovasyon, \u00fcretim ile dijitalle\u015fme, yerel g\u00fc\u00e7 ile k\u00fcresel etki aras\u0131nda kal\u0131c\u0131 k\u00f6pr\u00fcler kurmaktay\u0131z.<\/span><\/span><\/p><p><span style=\"font-weight: 400; color: #000000;\">Bizim i\u00e7in k\u00f6pr\u00fc kurmak; bilgiyi \u00fcretime, \u00fcretimi teknolojiye, teknolojiyi toplumsal faydaya d\u00f6n\u00fc\u015ft\u00fcrmektir.<\/span><\/p><p><span style=\"font-weight: 400; color: #000000;\">JS Group, Bridge2Future vizyonuyla; \u00fclkelerin, sekt\u00f6rlerin ve nesillerin gelece\u011fini birbirine ba\u011flayan g\u00fc\u00e7l\u00fc, entegre ve s\u00fcrd\u00fcr\u00fclebilir bir ekosistem in\u015fa etmeye kararl\u0131l\u0131kla devam eder.<\/span><\/p>\t\t<\/div>\r\n\t\t\t\t\t<\/div>\n\t\t\t\t<\/div>\n\t\t\t\t<\/div>\n\t\t\t\t<\/div>\n\t\t\t\t\t<\/div>\n\t\t\t\t<\/div>\n\t\t<div class=\"elementor-element elementor-element-ee26d55 e-flex e-con-boxed tm-col-stretched-none tm-bg-color-over-image e-con e-parent\" data-id=\"ee26d55\" data-element_type=\"container\">\n\t\t\t\t\t<div class=\"e-con-inner\">\n\t\t\t\t<div class=\"elementor-element elementor-element-14c1737 elementor-widget elementor-widget-tm-ele-clients-logo\" data-id=\"14c1737\" data-element_type=\"widget\" data-widget_type=\"tm-ele-clients-logo.default\">\n\t\t\t\t<div class=\"elementor-widget-container\">\n\t\t\t\t\t\t<div class=\"tm-sc-clients-logo clients-carousel tm-swiper-container clients-animation-grayscale\" data-items=\"4\" data-space=\"30\" data-autoplay=\"true\" data-loop=\"true\" data-centered=\"true\" data-arrow=\"false\" data-bullets=\"false\" data-xxl-items=\"4\" data-lg-items=\"3\" data-md-items=\"2\" data-sm-items=\"1\" data-xs-items=\"1\" data-delay=\"3000\" data-speed=\"300\" data-freemod=\"false\" data-reversedir=\"false\" data-effect=\"slide\" data-disableoninteraction=\"false\" data-pauseonmouseenter=\"false\" data-allowtouchmove=\"true\">\r\n\t\t<div class=\"swiper-container-inner\">\r\n\t\t\t<div class=\"swiper-wrapper\">\r\n\t\t\t\t<!-- the loop -->\r\n\t\t\t\t\t\t\t\t\t<div class=\"swiper-slide\">\r\n\t\t\t\t\t\t<div class=\"each-logo\">\r\n\t<img fetchpriority=\"high\" decoding=\"async\" class=\"thumb\" src=\"https:\/\/metvibes.xyz\/jsholding\/wp-content\/uploads\/2026\/03\/ctpec-logo-1.jpg\"  width=\"500\" height=\"165\" alt=\"\"><\/div>\t\t\t\t\t<\/div>\r\n\t\t\t\t\t\t\t\t\t<div class=\"swiper-slide\">\r\n\t\t\t\t\t\t<div class=\"each-logo\">\r\n\t<img decoding=\"async\" class=\"thumb\" src=\"https:\/\/metvibes.xyz\/jsholding\/wp-content\/uploads\/2026\/03\/js-packaging-logo-1.jpg\"  width=\"500\" height=\"165\" alt=\"\"><\/div>\t\t\t\t\t<\/div>\r\n\t\t\t\t\t\t\t\t\t<div class=\"swiper-slide\">\r\n\t\t\t\t\t\t<div class=\"each-logo\">\r\n\t<img decoding=\"async\" class=\"thumb\" src=\"https:\/\/metvibes.xyz\/jsholding\/wp-content\/uploads\/2026\/03\/js-ad-logo-1.jpg\"  width=\"500\" height=\"165\" alt=\"\"><\/div>\t\t\t\t\t<\/div>\r\n\t\t\t\t\t\t\t\t\t<div class=\"swiper-slide\">\r\n\t\t\t\t\t\t<div class=\"each-logo\">\r\n\t<img loading=\"lazy\" decoding=\"async\" class=\"thumb\" src=\"https:\/\/metvibes.xyz\/jsholding\/wp-content\/uploads\/2026\/03\/jsne-logo-1.jpg\"  width=\"500\" height=\"165\" alt=\"\"><\/div>\t\t\t\t\t<\/div>\r\n\t\t\t\t\t\t\t\t\t<div class=\"swiper-slide\">\r\n\t\t\t\t\t\t<div class=\"each-logo\">\r\n\t<img loading=\"lazy\" decoding=\"async\" class=\"thumb\" src=\"https:\/\/metvibes.xyz\/jsholding\/wp-content\/uploads\/2026\/03\/talos-automation-logo-1.jpg\"  width=\"500\" height=\"165\" alt=\"\"><\/div>\t\t\t\t\t<\/div>\r\n\t\t\t\t\t\t\t\t\t<div class=\"swiper-slide\">\r\n\t\t\t\t\t\t<div class=\"each-logo\">\r\n\t<img loading=\"lazy\" decoding=\"async\" class=\"thumb\" src=\"https:\/\/metvibes.xyz\/jsholding\/wp-content\/uploads\/2026\/03\/anatolia-papermaking-logo-1.jpg\"  width=\"500\" height=\"165\" alt=\"\"><\/div>\t\t\t\t\t<\/div>\r\n\t\t\t\t\t\t\t\t<!-- end of the loop -->\r\n\t\t\t<\/div>\r\n\t\t<\/div>\r\n\r\n\t\t<div class=\"swiper-pagination d-none\"><\/div>\r\n\r\n\t\t<div class=\"tm-swiper-arrow tm-swiper-button-wrap d-none\">\r\n\t\t\t<div class=\"tm-swiper-arrow tm-swiper-button-prev\"><i class=\"lnr-icon-arrow-left\"><\/i><\/div>\r\n\t\t\t<div class=\"tm-swiper-arrow tm-swiper-button-next\"><i class=\"lnr-icon-arrow-right\"><\/i><\/div>\r\n\t\t<\/div>\r\n\t<\/div>\r\n\t\t\t\t<\/div>\n\t\t\t\t<\/div>\n\t\t\t\t\t<\/div>\n\t\t\t\t<\/div>\n\t\t\t\t<\/div>\n\t\t","protected":false},"excerpt":{"rendered":"<p>KURUMSAL Hakk\u0131m\u0131zda De\u011ferlerimiz Y\u00f6netim Kurulu Bridge2Future CTPEC \u0130LET\u0130\u015e\u0130M Maslak Mh. Maslak Meydan Sk. Beybi Giz Plaza A Blok 18. Kat&#8230;<\/p>\n","protected":false},"author":1,"featured_media":0,"parent":0,"menu_order":0,"comment_status":"closed","ping_status":"closed","template":"elementor_header_footer","meta":{"footnotes":""},"class_list":["post-8903","page","type-page","status-publish","hentry"],"_links":{"self":[{"href":"https:\/\/metvibes.xyz\/jsholding\/wp-json\/wp\/v2\/pages\/8903","targetHints":{"allow":["GET"]}}],"collection":[{"href":"https:\/\/metvibes.xyz\/jsholding\/wp-json\/wp\/v2\/pages"}],"about":[{"href":"https:\/\/metvibes.xyz\/jsholding\/wp-json\/wp\/v2\/types\/page"}],"author":[{"embeddable":true,"href":"https:\/\/metvibes.xyz\/jsholding\/wp-json\/wp\/v2\/users\/1"}],"replies":[{"embeddable":true,"href":"https:\/\/metvibes.xyz\/jsholding\/wp-json\/wp\/v2\/comments?post=8903"}],"version-history":[{"count":10,"href":"https:\/\/metvibes.xyz\/jsholding\/wp-json\/wp\/v2\/pages\/8903\/revisions"}],"predecessor-version":[{"id":16975,"href":"https:\/\/metvibes.xyz\/jsholding\/wp-json\/wp\/v2\/pages\/8903\/revisions\/16975"}],"wp:attachment":[{"href":"https:\/\/metvibes.xyz\/jsholding\/wp-json\/wp\/v2\/media?parent=8903"}],"curies":[{"name":"wp","href":"https:\/\/api.w.org\/{rel}","templated":true}]}}