{"id":16825,"date":"2026-03-09T12:39:52","date_gmt":"2026-03-09T12:39:52","guid":{"rendered":"https:\/\/metvibes.xyz\/jsholding\/?page_id=16825"},"modified":"2026-03-09T19:04:19","modified_gmt":"2026-03-09T19:04:19","slug":"yonetim-kurulu","status":"publish","type":"page","link":"https:\/\/metvibes.xyz\/jsholding\/yonetim-kurulu\/","title":{"rendered":"Y\u00f6netim Kurulu"},"content":{"rendered":"\t\t<div data-elementor-type=\"wp-page\" data-elementor-id=\"16825\" class=\"elementor elementor-16825\" data-elementor-post-type=\"page\">\n\t\t\t\t<div class=\"elementor-element elementor-element-14d0c99 e-flex e-con-boxed tm-col-stretched-none tm-bg-color-over-image e-con e-parent\" data-id=\"14d0c99\" data-element_type=\"container\">\n\t\t\t\t\t<div class=\"e-con-inner\">\n\t\t<div class=\"elementor-element elementor-element-15a49fd e-con-full e-flex tm-col-stretched-none tm-bg-color-over-image e-con e-child\" data-id=\"15a49fd\" data-element_type=\"container\">\n\t\t<div class=\"elementor-element elementor-element-21acc04 e-con-full tm-col-stretched-none e-flex tm-bg-color-over-image e-con e-child\" data-id=\"21acc04\" data-element_type=\"container\">\n\t\t<div class=\"elementor-element elementor-element-9a4f495 e-con-full e-flex tm-col-stretched-none tm-bg-color-over-image e-con e-child\" data-id=\"9a4f495\" data-element_type=\"container\" data-settings=\"{&quot;background_background&quot;:&quot;classic&quot;}\">\n\t\t\t\t<div class=\"elementor-element elementor-element-3bd6950 elementor-widget elementor-widget-tm-ele-text-editor\" data-id=\"3bd6950\" data-element_type=\"widget\" data-widget_type=\"tm-ele-text-editor.default\">\n\t\t\t\t<div class=\"elementor-widget-container\">\n\t\t\t\t\t\t\t<div class=\"tm-text-editor\" >\r\n\t\t<h4>KURUMSAL<\/h4>\t\t<\/div>\r\n\t\t\t\t\t<\/div>\n\t\t\t\t<\/div>\n\t\t\t\t<div class=\"elementor-element elementor-element-e649f48 elementor-widget__width-initial elementor-absolute elementor-widget-divider--view-line elementor-widget elementor-widget-divider\" data-id=\"e649f48\" data-element_type=\"widget\" data-settings=\"{&quot;_position&quot;:&quot;absolute&quot;}\" data-widget_type=\"divider.default\">\n\t\t\t\t\t\t\t<div class=\"elementor-divider\">\n\t\t\t<span class=\"elementor-divider-separator\">\n\t\t\t\t\t\t<\/span>\n\t\t<\/div>\n\t\t\t\t\t\t<\/div>\n\t\t\t\t<div class=\"elementor-element elementor-element-ffd1564 elementor-widget elementor-widget-tm-ele-navigation-menu\" data-id=\"ffd1564\" data-element_type=\"widget\" data-widget_type=\"tm-ele-navigation-menu.default\">\n\t\t\t\t<div class=\"elementor-widget-container\">\n\t\t\t\t\t<div class=\"tm-sc-simple-nav-menu\"><ul id=\"menu-kurumsal\" class=\"\"><li id=\"menu-item-16963\" class=\"menu-item menu-item-type-post_type menu-item-object-page menu-item-16963\"><a href=\"https:\/\/metvibes.xyz\/jsholding\/hakkimizda\/\"><i class=\"tm-nav-arrow-icon  flaticon-common-arrow-right\"><\/i>Hakk\u0131m\u0131zda<\/a><\/li>\n<li id=\"menu-item-16964\" class=\"menu-item menu-item-type-post_type menu-item-object-page menu-item-16964\"><a href=\"https:\/\/metvibes.xyz\/jsholding\/degerlerimiz\/\"><i class=\"tm-nav-arrow-icon  flaticon-common-arrow-right\"><\/i>De\u011ferlerimiz<\/a><\/li>\n<li id=\"menu-item-16966\" class=\"menu-item menu-item-type-post_type menu-item-object-page menu-item-16966\"><a href=\"https:\/\/metvibes.xyz\/jsholding\/yonetim-kurulu\/\"><i class=\"tm-nav-arrow-icon  flaticon-common-arrow-right\"><\/i>Y\u00f6netim Kurulu<\/a><\/li>\n<li id=\"menu-item-16967\" class=\"menu-item menu-item-type-post_type menu-item-object-page menu-item-16967\"><a href=\"https:\/\/metvibes.xyz\/jsholding\/bridge2future\/\"><i class=\"tm-nav-arrow-icon  flaticon-common-arrow-right\"><\/i>Bridge2Future<\/a><\/li>\n<li id=\"menu-item-16965\" class=\"menu-item menu-item-type-post_type menu-item-object-page menu-item-16965\"><a href=\"https:\/\/metvibes.xyz\/jsholding\/ctpec\/\"><i class=\"tm-nav-arrow-icon  flaticon-common-arrow-right\"><\/i>CTPEC<\/a><\/li>\n<\/ul><\/div>\t\t\t\t<\/div>\n\t\t\t\t<\/div>\n\t\t\t\t<\/div>\n\t\t<div class=\"elementor-element elementor-element-9d49405 e-con-full tm-col-stretched-none e-flex tm-bg-color-over-image e-con e-child\" data-id=\"9d49405\" data-element_type=\"container\" data-settings=\"{&quot;background_background&quot;:&quot;classic&quot;}\">\n\t\t\t\t<div class=\"elementor-element elementor-element-71e646d elementor-widget elementor-widget-tm-ele-text-editor\" data-id=\"71e646d\" data-element_type=\"widget\" data-widget_type=\"tm-ele-text-editor.default\">\n\t\t\t\t<div class=\"elementor-widget-container\">\n\t\t\t\t\t\t\t<div class=\"tm-text-editor\" >\r\n\t\t<h4>\u0130LET\u0130\u015e\u0130M<\/h4>\t\t<\/div>\r\n\t\t\t\t\t<\/div>\n\t\t\t\t<\/div>\n\t\t\t\t<div class=\"elementor-element elementor-element-fef160d elementor-widget elementor-widget-tm-ele-text-editor-advanced\" data-id=\"fef160d\" data-element_type=\"widget\" data-widget_type=\"tm-ele-text-editor-advanced.default\">\n\t\t\t\t<div class=\"elementor-widget-container\">\n\t\t\t\t\t\t\t<div class=\"tm-text-editor-advanced\">\r\n\t\t\t\t\t<div class=\"each-item elementor-repeater-item-f5252c0\" >\r\n\t\t\t\t<p><span style=\"color: #000000;\">Maslak Mh. Maslak Meydan Sk. Beybi Giz Plaza A Blok 18. Kat<\/span><\/p>\t\t\t\t<\/div>\r\n\t\t\t\t\t\t\t\t<div class=\"each-item elementor-repeater-item-7af36a6\" >\r\n\t\t\t\t<p><span style=\"color: #000000;\">Sar\u0131yer \/ \u0130stanbul<\/span><\/p>\t\t\t\t<\/div>\r\n\t\t\t\t\t\t\t\t<div class=\"each-item elementor-repeater-item-bd5788b\" >\r\n\t\t\t\t<p><a href=\"mailto:info@jsholding.com.tr\"><b>info@jsholding.com.tr<\/b><\/a><\/p>\t\t\t\t<\/div>\r\n\t\t\t\t\t\t<\/div>\r\n\t\t\t\t\t<\/div>\n\t\t\t\t<\/div>\n\t\t\t\t<div class=\"elementor-element elementor-element-468a519 elementor-widget elementor-widget-tm-ele-iconbox\" data-id=\"468a519\" data-element_type=\"widget\" data-widget_type=\"tm-ele-iconbox.default\">\n\t\t\t\t<div class=\"elementor-widget-container\">\n\t\t\t\t\t<div class=\"tm-sc-icon-box icon-box icon-left font-icon icon-left animate-hover icon-rotate-y\">\r\n\t\r\n  \t<div class=\"icon-box-wrapper\">\r\n\t\t\r\n\t\t<div class=\"icon-wrapper\">\r\n\t\t<div class=\"icon icon-default icon-type-font-icon icon-size-default\">\r\n\t\t\t<i aria-hidden=\"true\" class=\" flaticon-common-technology\"><\/i>\t\t<\/div>\r\n\r\n\t\t\t<\/div>\r\n\t\t\t<div class=\"icon-text\">\r\n\t\t\t\t\t\t<div class=\"content\"><h6>Telefon No:<\/h6><\/div>\r\n\t\t\t\r\n\t\t\t\t<h5 class=\"icon-box-title \">\r\n\t\t\t\t\t\t\t+90 850 307 8 777\t\t\t\t\t<\/h5>\r\n\t\t\t\t\t\r\n\t\t\t\r\n\t\r\n\t\t\t\t\t<\/div>\r\n\t\t<div class=\"clearfix\"><\/div>\r\n\t<\/div>\r\n<\/div>\t\t\t\t<\/div>\n\t\t\t\t<\/div>\n\t\t\t\t<\/div>\n\t\t\t\t<\/div>\n\t\t<div class=\"elementor-element elementor-element-c01f31a e-con-full e-flex tm-col-stretched-none tm-bg-color-over-image e-con e-child\" data-id=\"c01f31a\" data-element_type=\"container\">\n\t\t\t\t<div class=\"elementor-element elementor-element-6b58d2f elementor-widget elementor-widget-tm-ele-text-editor\" data-id=\"6b58d2f\" data-element_type=\"widget\" data-widget_type=\"tm-ele-text-editor.default\">\n\t\t\t\t<div class=\"elementor-widget-container\">\n\t\t\t\t\t\t\t<div class=\"tm-text-editor\" >\r\n\t\t<h3>Y\u00d6NET\u0130M KURULUMUZ<\/h3>\t\t<\/div>\r\n\t\t\t\t\t<\/div>\n\t\t\t\t<\/div>\n\t\t\t\t<div class=\"elementor-element elementor-element-dd28635 elementor-widget elementor-widget-tm-ele-team-block\" data-id=\"dd28635\" data-element_type=\"widget\" data-widget_type=\"tm-ele-team-block.skin-style2\">\n\t\t\t\t<div class=\"elementor-widget-container\">\n\t\t\t\t\t\t<div class=\"tm-sc-team tm-team-grid\">\r\n\t\t<!-- Isotope Gallery Grid -->\r\n\t\t<div id=\"team-block-holder-779975\" class=\"isotope-layout grid-3 gutter-10 clearfix\">\r\n\t\t\t<div class=\"isotope-layout-inner\">\r\n\t\t\t\t<!-- the loop -->\r\n\t\t\t\t\t\t\t\t\t\t\t\t\t\t\t\t<div class=\"isotope-item team-item elementor-repeater-item-d54fafd wow fadeInUp\" data-wow-delay=\"700ms\">\r\n\t\t\t\t\t<!-- Team Block Style1-->\r\n\r\n<div class=\"team-current-theme2\">\r\n    <div class=\"team-image\">\r\n        \r\n\t\t\r\n\t\t<img fetchpriority=\"high\" decoding=\"async\" src=\"https:\/\/metvibes.xyz\/jsholding\/wp-content\/uploads\/2026\/03\/team3.jpg\" width=\"370\" height=\"414\" alt=\"\">        \r\n\t\t\r\n\t\t<img fetchpriority=\"high\" decoding=\"async\" src=\"https:\/\/metvibes.xyz\/jsholding\/wp-content\/uploads\/2026\/03\/team3.jpg\" width=\"370\" height=\"414\" alt=\"\">        <div class=\"arrow-shape\">\r\n            \r\n\t\t\r\n\t\t<img decoding=\"async\" src=\"https:\/\/metvibes.xyz\/jsholding\/wp-content\/uploads\/2026\/03\/arrow-shape.png\" width=\"174\" height=\"199\" alt=\"\">        <\/div>\r\n        <div class=\"team-content\">\r\n            <div class=\"content\">\r\n                \r\n\t\t<h4 class=\"team-title\">\r\n\t\t\t\t<a\r\n\t\t\t\t\t\thref=\"https:\/\/dev252.kodesolution.com\/finclix\/team-details\/\">\r\n\t\t\tGanimet Ha\t\t<\/a>\r\n\t\t\t<\/h4>\r\n\t                \t\t<div class=\"team-subtitle\">\r\n\t\t\t\t\tY\u00f6netim Kurulu Ba\u015fkan\u0131\t\t\t<\/div>\r\n\t            <\/div>\r\n                \r\n            <span class=\"share-icon fa fa-share-alt\"><\/span>\r\n        <\/div>\r\n    <\/div>\r\n<\/div>\t\t\t\t<\/div>\r\n\t\t\t\t\t\t\t\t\t\t\t\t\t\t\t\t<div class=\"isotope-item team-item elementor-repeater-item-1c8c9b6 wow fadeInUp\" data-wow-delay=\"700ms\">\r\n\t\t\t\t\t<!-- Team Block Style1-->\r\n\r\n<div class=\"team-current-theme2\">\r\n    <div class=\"team-image\">\r\n        \r\n\t\t\r\n\t\t<img fetchpriority=\"high\" decoding=\"async\" src=\"https:\/\/metvibes.xyz\/jsholding\/wp-content\/uploads\/2026\/03\/team3.jpg\" width=\"370\" height=\"414\" alt=\"\">        \r\n\t\t\r\n\t\t<img fetchpriority=\"high\" decoding=\"async\" src=\"https:\/\/metvibes.xyz\/jsholding\/wp-content\/uploads\/2026\/03\/team3.jpg\" width=\"370\" height=\"414\" alt=\"\">        <div class=\"arrow-shape\">\r\n            \r\n\t\t\r\n\t\t<img decoding=\"async\" src=\"https:\/\/metvibes.xyz\/jsholding\/wp-content\/uploads\/2026\/03\/arrow-shape.png\" width=\"174\" height=\"199\" alt=\"\">        <\/div>\r\n        <div class=\"team-content\">\r\n            <div class=\"content\">\r\n                \r\n\t\t<h4 class=\"team-title\">\r\n\t\t\t\t<a\r\n\t\t\t\t\t\thref=\"https:\/\/dev252.kodesolution.com\/finclix\/team-details\/\">\r\n\t\t\tAsya Ha\t\t<\/a>\r\n\t\t\t<\/h4>\r\n\t                \t\t<div class=\"team-subtitle\">\r\n\t\t\t\t\tY\u00f6netim Kurulu Ba\u015fkan Vekili\t\t\t<\/div>\r\n\t            <\/div>\r\n                \r\n            <span class=\"share-icon fa fa-share-alt\"><\/span>\r\n        <\/div>\r\n    <\/div>\r\n<\/div>\t\t\t\t<\/div>\r\n\t\t\t\t\t\t\t\t\t\t\t\t\t\t\t\t<div class=\"isotope-item team-item elementor-repeater-item-861bdb9 wow fadeInUp\" data-wow-delay=\"700ms\">\r\n\t\t\t\t\t<!-- Team Block Style1-->\r\n\r\n<div class=\"team-current-theme2\">\r\n    <div class=\"team-image\">\r\n        \r\n\t\t\r\n\t\t<img fetchpriority=\"high\" decoding=\"async\" src=\"https:\/\/metvibes.xyz\/jsholding\/wp-content\/uploads\/2026\/03\/team3.jpg\" width=\"370\" height=\"414\" alt=\"\">        \r\n\t\t\r\n\t\t<img fetchpriority=\"high\" decoding=\"async\" src=\"https:\/\/metvibes.xyz\/jsholding\/wp-content\/uploads\/2026\/03\/team3.jpg\" width=\"370\" height=\"414\" alt=\"\">        <div class=\"arrow-shape\">\r\n            \r\n\t\t\r\n\t\t<img decoding=\"async\" src=\"https:\/\/metvibes.xyz\/jsholding\/wp-content\/uploads\/2026\/03\/arrow-shape.png\" width=\"174\" height=\"199\" alt=\"\">        <\/div>\r\n        <div class=\"team-content\">\r\n            <div class=\"content\">\r\n                \r\n\t\t<h4 class=\"team-title\">\r\n\t\t\t\t<a\r\n\t\t\t\t\t\thref=\"https:\/\/dev252.kodesolution.com\/finclix\/team-details\/\">\r\n\t\t\tAhmet Canevi\t\t<\/a>\r\n\t\t\t<\/h4>\r\n\t                \t\t<div class=\"team-subtitle\">\r\n\t\t\t\t\tGenel M\u00fcd\u00fcr Yard\u0131mc\u0131s\u0131, JS Group\t\t\t<\/div>\r\n\t            <\/div>\r\n                \r\n            <span class=\"share-icon fa fa-share-alt\"><\/span>\r\n        <\/div>\r\n    <\/div>\r\n<\/div>\t\t\t\t<\/div>\r\n\t\t\t\t\t\t\t\t\t\t\t\t\t\t\t\t<div class=\"isotope-item team-item elementor-repeater-item-2dc0e0a wow fadeInUp\" data-wow-delay=\"700ms\">\r\n\t\t\t\t\t<!-- Team Block Style1-->\r\n\r\n<div class=\"team-current-theme2\">\r\n    <div class=\"team-image\">\r\n        \r\n\t\t\r\n\t\t<img fetchpriority=\"high\" decoding=\"async\" src=\"https:\/\/metvibes.xyz\/jsholding\/wp-content\/uploads\/2026\/03\/team3.jpg\" width=\"370\" height=\"414\" alt=\"\">        \r\n\t\t\r\n\t\t<img fetchpriority=\"high\" decoding=\"async\" src=\"https:\/\/metvibes.xyz\/jsholding\/wp-content\/uploads\/2026\/03\/team3.jpg\" width=\"370\" height=\"414\" alt=\"\">        <div class=\"arrow-shape\">\r\n            \r\n\t\t\r\n\t\t<img decoding=\"async\" src=\"https:\/\/metvibes.xyz\/jsholding\/wp-content\/uploads\/2026\/03\/arrow-shape.png\" width=\"174\" height=\"199\" alt=\"\">        <\/div>\r\n        <div class=\"team-content\">\r\n            <div class=\"content\">\r\n                \r\n\t\t<h4 class=\"team-title\">\r\n\t\t\t\t<a\r\n\t\t\t\t\t\thref=\"https:\/\/dev252.kodesolution.com\/finclix\/team-details\/\">\r\n\t\t\tEsra M\u0131s\u0131rl\u0131\t\t<\/a>\r\n\t\t\t<\/h4>\r\n\t                \t\t<div class=\"team-subtitle\">\r\n\t\t\t\t\tGenel M\u00fcd\u00fcr, JSAD\t\t\t<\/div>\r\n\t            <\/div>\r\n                \r\n            <span class=\"share-icon fa fa-share-alt\"><\/span>\r\n        <\/div>\r\n    <\/div>\r\n<\/div>\t\t\t\t<\/div>\r\n\t\t\t\t\t\t\t\t\t\t\t\t\t\t\t\t<div class=\"isotope-item team-item elementor-repeater-item-c0640c4 wow fadeInUp\" data-wow-delay=\"700ms\">\r\n\t\t\t\t\t<!-- Team Block Style1-->\r\n\r\n<div class=\"team-current-theme2\">\r\n    <div class=\"team-image\">\r\n        \r\n\t\t\r\n\t\t<img fetchpriority=\"high\" decoding=\"async\" src=\"https:\/\/metvibes.xyz\/jsholding\/wp-content\/uploads\/2026\/03\/team3.jpg\" width=\"370\" height=\"414\" alt=\"\">        \r\n\t\t\r\n\t\t<img fetchpriority=\"high\" decoding=\"async\" src=\"https:\/\/metvibes.xyz\/jsholding\/wp-content\/uploads\/2026\/03\/team3.jpg\" width=\"370\" height=\"414\" alt=\"\">        <div class=\"arrow-shape\">\r\n            \r\n\t\t\r\n\t\t<img decoding=\"async\" src=\"https:\/\/metvibes.xyz\/jsholding\/wp-content\/uploads\/2026\/03\/arrow-shape.png\" width=\"174\" height=\"199\" alt=\"\">        <\/div>\r\n        <div class=\"team-content\">\r\n            <div class=\"content\">\r\n                \r\n\t\t<h4 class=\"team-title\">\r\n\t\t\t\t<a\r\n\t\t\t\t\t\thref=\"https:\/\/dev252.kodesolution.com\/finclix\/team-details\/\">\r\n\t\t\tHamza Memi\u015fo\u011flu\t\t<\/a>\r\n\t\t\t<\/h4>\r\n\t                \t\t<div class=\"team-subtitle\">\r\n\t\t\t\t\tCTO\t\t\t<\/div>\r\n\t            <\/div>\r\n                \r\n            <span class=\"share-icon fa fa-share-alt\"><\/span>\r\n        <\/div>\r\n    <\/div>\r\n<\/div>\t\t\t\t<\/div>\r\n\t\t\t\t\t\t\t\t\t\t\t\t\t\t\t\t<div class=\"isotope-item team-item elementor-repeater-item-faeda0c wow fadeInUp\" data-wow-delay=\"700ms\">\r\n\t\t\t\t\t<!-- Team Block Style1-->\r\n\r\n<div class=\"team-current-theme2\">\r\n    <div class=\"team-image\">\r\n        \r\n\t\t\r\n\t\t<img fetchpriority=\"high\" decoding=\"async\" src=\"https:\/\/metvibes.xyz\/jsholding\/wp-content\/uploads\/2026\/03\/team3.jpg\" width=\"370\" height=\"414\" alt=\"\">        \r\n\t\t\r\n\t\t<img fetchpriority=\"high\" decoding=\"async\" src=\"https:\/\/metvibes.xyz\/jsholding\/wp-content\/uploads\/2026\/03\/team3.jpg\" width=\"370\" height=\"414\" alt=\"\">        <div class=\"arrow-shape\">\r\n            \r\n\t\t\r\n\t\t<img decoding=\"async\" src=\"https:\/\/metvibes.xyz\/jsholding\/wp-content\/uploads\/2026\/03\/arrow-shape.png\" width=\"174\" height=\"199\" alt=\"\">        <\/div>\r\n        <div class=\"team-content\">\r\n            <div class=\"content\">\r\n                \r\n\t\t<h4 class=\"team-title\">\r\n\t\t\t\t<a\r\n\t\t\t\t\t\thref=\"https:\/\/dev252.kodesolution.com\/finclix\/team-details\/\">\r\n\t\t\tCemil Onur\t\t<\/a>\r\n\t\t\t<\/h4>\r\n\t                \t\t<div class=\"team-subtitle\">\r\n\t\t\t\t\tCFO\t\t\t<\/div>\r\n\t            <\/div>\r\n                \r\n            <span class=\"share-icon fa fa-share-alt\"><\/span>\r\n        <\/div>\r\n    <\/div>\r\n<\/div>\t\t\t\t<\/div>\r\n\t\t\t\t\t\t\t\t\t\t\t\t\t\t\t\t<div class=\"isotope-item team-item elementor-repeater-item-d782703 wow fadeInUp\" data-wow-delay=\"700ms\">\r\n\t\t\t\t\t<!-- Team Block Style1-->\r\n\r\n<div class=\"team-current-theme2\">\r\n    <div class=\"team-image\">\r\n        \r\n\t\t\r\n\t\t<img fetchpriority=\"high\" decoding=\"async\" src=\"https:\/\/metvibes.xyz\/jsholding\/wp-content\/uploads\/2026\/03\/team3.jpg\" width=\"370\" height=\"414\" alt=\"\">        \r\n\t\t\r\n\t\t<img fetchpriority=\"high\" decoding=\"async\" src=\"https:\/\/metvibes.xyz\/jsholding\/wp-content\/uploads\/2026\/03\/team3.jpg\" width=\"370\" height=\"414\" alt=\"\">        <div class=\"arrow-shape\">\r\n            \r\n\t\t\r\n\t\t<img decoding=\"async\" src=\"https:\/\/metvibes.xyz\/jsholding\/wp-content\/uploads\/2026\/03\/arrow-shape.png\" width=\"174\" height=\"199\" alt=\"\">        <\/div>\r\n        <div class=\"team-content\">\r\n            <div class=\"content\">\r\n                \r\n\t\t<h4 class=\"team-title\">\r\n\t\t\t\t<a\r\n\t\t\t\t\t\thref=\"https:\/\/dev252.kodesolution.com\/finclix\/team-details\/\">\r\n\t\t\t\u0130lda Demirt\u00fcrk\t\t<\/a>\r\n\t\t\t<\/h4>\r\n\t                \t\t<div class=\"team-subtitle\">\r\n\t\t\t\t\t\u0130K Direkt\u00f6r\u00fc\t\t\t<\/div>\r\n\t            <\/div>\r\n                \r\n            <span class=\"share-icon fa fa-share-alt\"><\/span>\r\n        <\/div>\r\n    <\/div>\r\n<\/div>\t\t\t\t<\/div>\r\n\t\t\t\t\t\t\t\t<!-- end of the loop -->\r\n\t\t\t<\/div>\r\n\t\t<\/div>\r\n\t\t\t<\/div>\r\n\r\n\t\t\t\t<\/div>\n\t\t\t\t<\/div>\n\t\t\t\t<\/div>\n\t\t\t\t<\/div>\n\t\t\t\t\t<\/div>\n\t\t\t\t<\/div>\n\t\t<div class=\"elementor-element elementor-element-ee26d55 e-flex e-con-boxed tm-col-stretched-none tm-bg-color-over-image e-con e-parent\" data-id=\"ee26d55\" data-element_type=\"container\">\n\t\t\t\t\t<div class=\"e-con-inner\">\n\t\t\t\t<div class=\"elementor-element elementor-element-14c1737 elementor-widget elementor-widget-tm-ele-clients-logo\" data-id=\"14c1737\" data-element_type=\"widget\" data-widget_type=\"tm-ele-clients-logo.default\">\n\t\t\t\t<div class=\"elementor-widget-container\">\n\t\t\t\t\t\t<div class=\"tm-sc-clients-logo clients-carousel tm-swiper-container clients-animation-grayscale\" data-items=\"4\" data-space=\"30\" data-autoplay=\"true\" data-loop=\"true\" data-centered=\"true\" data-arrow=\"false\" data-bullets=\"false\" data-xxl-items=\"4\" data-lg-items=\"3\" data-md-items=\"2\" data-sm-items=\"1\" data-xs-items=\"1\" data-delay=\"3000\" data-speed=\"300\" data-freemod=\"false\" data-reversedir=\"false\" data-effect=\"slide\" data-disableoninteraction=\"false\" data-pauseonmouseenter=\"false\" data-allowtouchmove=\"true\">\r\n\t\t<div class=\"swiper-container-inner\">\r\n\t\t\t<div class=\"swiper-wrapper\">\r\n\t\t\t\t<!-- the loop -->\r\n\t\t\t\t\t\t\t\t\t<div class=\"swiper-slide\">\r\n\t\t\t\t\t\t<div class=\"each-logo\">\r\n\t<img decoding=\"async\" class=\"thumb\" src=\"https:\/\/metvibes.xyz\/jsholding\/wp-content\/uploads\/2026\/03\/ctpec-logo-1.jpg\"  width=\"500\" height=\"165\" alt=\"\"><\/div>\t\t\t\t\t<\/div>\r\n\t\t\t\t\t\t\t\t\t<div class=\"swiper-slide\">\r\n\t\t\t\t\t\t<div class=\"each-logo\">\r\n\t<img loading=\"lazy\" decoding=\"async\" class=\"thumb\" src=\"https:\/\/metvibes.xyz\/jsholding\/wp-content\/uploads\/2026\/03\/js-packaging-logo-1.jpg\"  width=\"500\" height=\"165\" alt=\"\"><\/div>\t\t\t\t\t<\/div>\r\n\t\t\t\t\t\t\t\t\t<div class=\"swiper-slide\">\r\n\t\t\t\t\t\t<div class=\"each-logo\">\r\n\t<img loading=\"lazy\" decoding=\"async\" class=\"thumb\" src=\"https:\/\/metvibes.xyz\/jsholding\/wp-content\/uploads\/2026\/03\/js-ad-logo-1.jpg\"  width=\"500\" height=\"165\" alt=\"\"><\/div>\t\t\t\t\t<\/div>\r\n\t\t\t\t\t\t\t\t\t<div class=\"swiper-slide\">\r\n\t\t\t\t\t\t<div class=\"each-logo\">\r\n\t<img loading=\"lazy\" decoding=\"async\" class=\"thumb\" src=\"https:\/\/metvibes.xyz\/jsholding\/wp-content\/uploads\/2026\/03\/jsne-logo-1.jpg\"  width=\"500\" height=\"165\" alt=\"\"><\/div>\t\t\t\t\t<\/div>\r\n\t\t\t\t\t\t\t\t\t<div class=\"swiper-slide\">\r\n\t\t\t\t\t\t<div class=\"each-logo\">\r\n\t<img loading=\"lazy\" decoding=\"async\" class=\"thumb\" src=\"https:\/\/metvibes.xyz\/jsholding\/wp-content\/uploads\/2026\/03\/talos-automation-logo-1.jpg\"  width=\"500\" height=\"165\" alt=\"\"><\/div>\t\t\t\t\t<\/div>\r\n\t\t\t\t\t\t\t\t\t<div class=\"swiper-slide\">\r\n\t\t\t\t\t\t<div class=\"each-logo\">\r\n\t<img loading=\"lazy\" decoding=\"async\" class=\"thumb\" src=\"https:\/\/metvibes.xyz\/jsholding\/wp-content\/uploads\/2026\/03\/anatolia-papermaking-logo-1.jpg\"  width=\"500\" height=\"165\" alt=\"\"><\/div>\t\t\t\t\t<\/div>\r\n\t\t\t\t\t\t\t\t<!-- end of the loop -->\r\n\t\t\t<\/div>\r\n\t\t<\/div>\r\n\r\n\t\t<div class=\"swiper-pagination d-none\"><\/div>\r\n\r\n\t\t<div class=\"tm-swiper-arrow tm-swiper-button-wrap d-none\">\r\n\t\t\t<div class=\"tm-swiper-arrow tm-swiper-button-prev\"><i class=\"lnr-icon-arrow-left\"><\/i><\/div>\r\n\t\t\t<div class=\"tm-swiper-arrow tm-swiper-button-next\"><i class=\"lnr-icon-arrow-right\"><\/i><\/div>\r\n\t\t<\/div>\r\n\t<\/div>\r\n\t\t\t\t<\/div>\n\t\t\t\t<\/div>\n\t\t\t\t\t<\/div>\n\t\t\t\t<\/div>\n\t\t\t\t<\/div>\n\t\t","protected":false},"excerpt":{"rendered":"<p>KURUMSAL Hakk\u0131m\u0131zda De\u011ferlerimiz Y\u00f6netim Kurulu Bridge2Future CTPEC \u0130LET\u0130\u015e\u0130M Maslak Mh. Maslak Meydan Sk. Beybi Giz Plaza A Blok 18. Kat&#8230;<\/p>\n","protected":false},"author":1,"featured_media":0,"parent":0,"menu_order":0,"comment_status":"closed","ping_status":"closed","template":"elementor_header_footer","meta":{"footnotes":""},"class_list":["post-16825","page","type-page","status-publish","hentry"],"_links":{"self":[{"href":"https:\/\/metvibes.xyz\/jsholding\/wp-json\/wp\/v2\/pages\/16825","targetHints":{"allow":["GET"]}}],"collection":[{"href":"https:\/\/metvibes.xyz\/jsholding\/wp-json\/wp\/v2\/pages"}],"about":[{"href":"https:\/\/metvibes.xyz\/jsholding\/wp-json\/wp\/v2\/types\/page"}],"author":[{"embeddable":true,"href":"https:\/\/metvibes.xyz\/jsholding\/wp-json\/wp\/v2\/users\/1"}],"replies":[{"embeddable":true,"href":"https:\/\/metvibes.xyz\/jsholding\/wp-json\/wp\/v2\/comments?post=16825"}],"version-history":[{"count":10,"href":"https:\/\/metvibes.xyz\/jsholding\/wp-json\/wp\/v2\/pages\/16825\/revisions"}],"predecessor-version":[{"id":16987,"href":"https:\/\/metvibes.xyz\/jsholding\/wp-json\/wp\/v2\/pages\/16825\/revisions\/16987"}],"wp:attachment":[{"href":"https:\/\/metvibes.xyz\/jsholding\/wp-json\/wp\/v2\/media?parent=16825"}],"curies":[{"name":"wp","href":"https:\/\/api.w.org\/{rel}","templated":true}]}}