{"id":16813,"date":"2026-03-09T12:31:10","date_gmt":"2026-03-09T12:31:10","guid":{"rendered":"https:\/\/metvibes.xyz\/jsholding\/?page_id=16813"},"modified":"2026-03-09T19:05:05","modified_gmt":"2026-03-09T19:05:05","slug":"bridge2future","status":"publish","type":"page","link":"https:\/\/metvibes.xyz\/jsholding\/bridge2future\/","title":{"rendered":"Bridge2Future"},"content":{"rendered":"\t\t<div data-elementor-type=\"wp-page\" data-elementor-id=\"16813\" class=\"elementor elementor-16813\" data-elementor-post-type=\"page\">\n\t\t\t\t<div class=\"elementor-element elementor-element-14d0c99 e-flex e-con-boxed tm-col-stretched-none tm-bg-color-over-image e-con e-parent\" data-id=\"14d0c99\" data-element_type=\"container\">\n\t\t\t\t\t<div class=\"e-con-inner\">\n\t\t<div class=\"elementor-element elementor-element-15a49fd e-con-full e-flex tm-col-stretched-none tm-bg-color-over-image e-con e-child\" data-id=\"15a49fd\" data-element_type=\"container\">\n\t\t<div class=\"elementor-element elementor-element-21acc04 e-con-full tm-col-stretched-none e-flex tm-bg-color-over-image e-con e-child\" data-id=\"21acc04\" data-element_type=\"container\">\n\t\t<div class=\"elementor-element elementor-element-9a4f495 e-con-full e-flex tm-col-stretched-none tm-bg-color-over-image e-con e-child\" data-id=\"9a4f495\" data-element_type=\"container\" data-settings=\"{&quot;background_background&quot;:&quot;classic&quot;}\">\n\t\t\t\t<div class=\"elementor-element elementor-element-3bd6950 elementor-widget elementor-widget-tm-ele-text-editor\" data-id=\"3bd6950\" data-element_type=\"widget\" data-widget_type=\"tm-ele-text-editor.default\">\n\t\t\t\t<div class=\"elementor-widget-container\">\n\t\t\t\t\t\t\t<div class=\"tm-text-editor\" >\r\n\t\t<h4>KURUMSAL<\/h4>\t\t<\/div>\r\n\t\t\t\t\t<\/div>\n\t\t\t\t<\/div>\n\t\t\t\t<div class=\"elementor-element elementor-element-e649f48 elementor-widget__width-initial elementor-absolute elementor-widget-divider--view-line elementor-widget elementor-widget-divider\" data-id=\"e649f48\" data-element_type=\"widget\" data-settings=\"{&quot;_position&quot;:&quot;absolute&quot;}\" data-widget_type=\"divider.default\">\n\t\t\t\t\t\t\t<div class=\"elementor-divider\">\n\t\t\t<span class=\"elementor-divider-separator\">\n\t\t\t\t\t\t<\/span>\n\t\t<\/div>\n\t\t\t\t\t\t<\/div>\n\t\t\t\t<div class=\"elementor-element elementor-element-ffd1564 elementor-widget elementor-widget-tm-ele-navigation-menu\" data-id=\"ffd1564\" data-element_type=\"widget\" data-widget_type=\"tm-ele-navigation-menu.default\">\n\t\t\t\t<div class=\"elementor-widget-container\">\n\t\t\t\t\t<div class=\"tm-sc-simple-nav-menu\"><ul id=\"menu-kurumsal\" class=\"\"><li id=\"menu-item-16963\" class=\"menu-item menu-item-type-post_type menu-item-object-page menu-item-16963\"><a href=\"https:\/\/metvibes.xyz\/jsholding\/hakkimizda\/\"><i class=\"tm-nav-arrow-icon  flaticon-common-arrow-right\"><\/i>Hakk\u0131m\u0131zda<\/a><\/li>\n<li id=\"menu-item-16964\" class=\"menu-item menu-item-type-post_type menu-item-object-page menu-item-16964\"><a href=\"https:\/\/metvibes.xyz\/jsholding\/degerlerimiz\/\"><i class=\"tm-nav-arrow-icon  flaticon-common-arrow-right\"><\/i>De\u011ferlerimiz<\/a><\/li>\n<li id=\"menu-item-16966\" class=\"menu-item menu-item-type-post_type menu-item-object-page menu-item-16966\"><a href=\"https:\/\/metvibes.xyz\/jsholding\/yonetim-kurulu\/\"><i class=\"tm-nav-arrow-icon  flaticon-common-arrow-right\"><\/i>Y\u00f6netim Kurulu<\/a><\/li>\n<li id=\"menu-item-16967\" class=\"menu-item menu-item-type-post_type menu-item-object-page menu-item-16967\"><a href=\"https:\/\/metvibes.xyz\/jsholding\/bridge2future\/\"><i class=\"tm-nav-arrow-icon  flaticon-common-arrow-right\"><\/i>Bridge2Future<\/a><\/li>\n<li id=\"menu-item-16965\" class=\"menu-item menu-item-type-post_type menu-item-object-page menu-item-16965\"><a href=\"https:\/\/metvibes.xyz\/jsholding\/ctpec\/\"><i class=\"tm-nav-arrow-icon  flaticon-common-arrow-right\"><\/i>CTPEC<\/a><\/li>\n<\/ul><\/div>\t\t\t\t<\/div>\n\t\t\t\t<\/div>\n\t\t\t\t<\/div>\n\t\t<div class=\"elementor-element elementor-element-5591055 e-con-full tm-col-stretched-none e-flex tm-bg-color-over-image e-con e-child\" data-id=\"5591055\" data-element_type=\"container\" data-settings=\"{&quot;background_background&quot;:&quot;classic&quot;}\">\n\t\t\t\t<div class=\"elementor-element elementor-element-71e646d elementor-widget elementor-widget-tm-ele-text-editor\" data-id=\"71e646d\" data-element_type=\"widget\" data-widget_type=\"tm-ele-text-editor.default\">\n\t\t\t\t<div class=\"elementor-widget-container\">\n\t\t\t\t\t\t\t<div class=\"tm-text-editor\" >\r\n\t\t<h4>\u0130LET\u0130\u015e\u0130M<\/h4>\t\t<\/div>\r\n\t\t\t\t\t<\/div>\n\t\t\t\t<\/div>\n\t\t\t\t<div class=\"elementor-element elementor-element-fef160d elementor-widget elementor-widget-tm-ele-text-editor-advanced\" data-id=\"fef160d\" data-element_type=\"widget\" data-widget_type=\"tm-ele-text-editor-advanced.default\">\n\t\t\t\t<div class=\"elementor-widget-container\">\n\t\t\t\t\t\t\t<div class=\"tm-text-editor-advanced\">\r\n\t\t\t\t\t<div class=\"each-item elementor-repeater-item-f5252c0\" >\r\n\t\t\t\t<p><span style=\"color: #000000;\">Maslak Mh. Maslak Meydan Sk. Beybi Giz Plaza A Blok 18. Kat<\/span><\/p>\t\t\t\t<\/div>\r\n\t\t\t\t\t\t\t\t<div class=\"each-item elementor-repeater-item-7af36a6\" >\r\n\t\t\t\t<p><span style=\"color: #000000;\">Sar\u0131yer \/ \u0130stanbul<\/span><\/p>\t\t\t\t<\/div>\r\n\t\t\t\t\t\t\t\t<div class=\"each-item elementor-repeater-item-bd5788b\" >\r\n\t\t\t\t<p><a href=\"mailto:info@jsholding.com.tr\"><b>info@jsholding.com.tr<\/b><\/a><\/p>\t\t\t\t<\/div>\r\n\t\t\t\t\t\t<\/div>\r\n\t\t\t\t\t<\/div>\n\t\t\t\t<\/div>\n\t\t\t\t<div class=\"elementor-element elementor-element-468a519 elementor-widget elementor-widget-tm-ele-iconbox\" data-id=\"468a519\" data-element_type=\"widget\" data-widget_type=\"tm-ele-iconbox.default\">\n\t\t\t\t<div class=\"elementor-widget-container\">\n\t\t\t\t\t<div class=\"tm-sc-icon-box icon-box icon-left font-icon icon-left animate-hover icon-rotate-y\">\r\n\t\r\n  \t<div class=\"icon-box-wrapper\">\r\n\t\t\r\n\t\t<div class=\"icon-wrapper\">\r\n\t\t<div class=\"icon icon-default icon-type-font-icon icon-size-default\">\r\n\t\t\t<i aria-hidden=\"true\" class=\" flaticon-common-technology\"><\/i>\t\t<\/div>\r\n\r\n\t\t\t<\/div>\r\n\t\t\t<div class=\"icon-text\">\r\n\t\t\t\t\t\t<div class=\"content\"><h6>Telefon No:<\/h6><\/div>\r\n\t\t\t\r\n\t\t\t\t<h5 class=\"icon-box-title \">\r\n\t\t\t\t\t\t\t+90 850 307 8 777\t\t\t\t\t<\/h5>\r\n\t\t\t\t\t\r\n\t\t\t\r\n\t\r\n\t\t\t\t\t<\/div>\r\n\t\t<div class=\"clearfix\"><\/div>\r\n\t<\/div>\r\n<\/div>\t\t\t\t<\/div>\n\t\t\t\t<\/div>\n\t\t\t\t<\/div>\n\t\t\t\t<\/div>\n\t\t<div class=\"elementor-element elementor-element-c01f31a e-con-full e-flex tm-col-stretched-none tm-bg-color-over-image e-con e-child\" data-id=\"c01f31a\" data-element_type=\"container\">\n\t\t\t\t<div class=\"elementor-element elementor-element-6470603 elementor-widget elementor-widget-tm-ele-text-editor\" data-id=\"6470603\" data-element_type=\"widget\" data-widget_type=\"tm-ele-text-editor.default\">\n\t\t\t\t<div class=\"elementor-widget-container\">\n\t\t\t\t\t\t\t<div class=\"tm-text-editor\" >\r\n\t\t<h3 style=\"text-align: left;\"><span style=\"color: #000000;\"><span style=\"font-weight: 400;\">#Bridge2Future<\/span><\/span><\/h3><p style=\"text-align: left;\"><span style=\"color: #000000;\"><span style=\"font-weight: 400;\">Bridge2Future, JS Group\u2019un d\u00fcnyaya bak\u0131\u015f\u0131d\u0131r.<\/span><\/span><\/p><p style=\"text-align: left;\"><span style=\"color: #000000;\"><span style=\"font-weight: 400;\">Bir gelecek beklentisi de\u011fil; <\/span><b>bug\u00fcnden in\u015fa edilen bir gelecek mimarisidir.<\/b><\/span><\/p><p style=\"text-align: left;\"><span style=\"color: #000000;\"><span style=\"font-weight: 400;\">\u00c7in merkezli bir grup olarak, d\u00fcnyan\u0131n \u00fcretim h\u0131z\u0131n\u0131 belirleyen co\u011frafyada do\u011fduk.<\/span><span style=\"font-weight: 400;\"><br \/><\/span><span style=\"font-weight: 400;\"> <\/span><\/span><\/p><p style=\"text-align: left;\"><span style=\"color: #000000;\"><span style=\"font-weight: 400;\">\u00d6l\u00e7ek, \u00e7eviklik ve teknolojiyle \u015fekillenen bu ekosistemi; <\/span><b>m\u00fchendislik akl\u0131, stratejik derinlik ve k\u00fcresel vizyonla<\/b><span style=\"font-weight: 400;\"> yeniden tan\u0131ml\u0131yoruz.<\/span><\/span><\/p><p style=\"text-align: left;\"><span style=\"color: #000000;\"><span style=\"font-weight: 400;\">Bizim i\u00e7in gelecek; <\/span><span style=\"font-weight: 400;\">yaln\u0131zca inovasyon de\u011fil, <\/span><b>do\u011fru zamanda do\u011fru g\u00fcc\u00fc harekete ge\u00e7irme cesaretidir.<\/b><\/span><\/p><p style=\"text-align: left;\"><span style=\"font-weight: 400; color: #000000;\">Bridge2Future ile:<\/span><\/p><ul style=\"text-align: left;\"><li style=\"font-weight: 400;\" aria-level=\"1\"><span style=\"color: #000000;\"><span style=\"font-weight: 400;\">\u00dcretimi bir \u00e7\u0131kt\u0131 olmaktan \u00e7\u0131kar\u0131r, <\/span><b>stratejik bir avantaja<\/b><span style=\"font-weight: 400;\"> d\u00f6n\u00fc\u015ft\u00fcr\u00fcr\u00fcz.<\/span><span style=\"font-weight: 400;\"><\/span><\/span><\/li><li style=\"font-weight: 400;\" aria-level=\"1\"><span style=\"color: #000000;\"><span style=\"font-weight: 400;\">Teknolojiyi bir trend olarak de\u011fil, <\/span><b>oyun de\u011fi\u015ftirici bir g\u00fc\u00e7<\/b><span style=\"font-weight: 400;\"> olarak konumland\u0131r\u0131r\u0131z.<\/span><span style=\"font-weight: 400;\"><\/span><\/span><\/li><li style=\"font-weight: 400;\" aria-level=\"1\"><span style=\"color: #000000;\"><span style=\"font-weight: 400;\">\u00c7in\u2019in \u00fcretim g\u00fcc\u00fcn\u00fc, <\/span><b>k\u00fcresel pazarlarda etki yaratan \u00e7\u00f6z\u00fcmlere<\/b><span style=\"font-weight: 400;\"> d\u00f6n\u00fc\u015ft\u00fcr\u00fcr\u00fcz.<\/span><span style=\"font-weight: 400;\"><\/span><\/span><\/li><li style=\"font-weight: 400;\" aria-level=\"1\"><span style=\"color: #000000;\"><span style=\"font-weight: 400;\">Deneyimi ge\u00e7mi\u015fe ait bir kavram de\u011fil, <\/span><b>gelece\u011fi tasarlayan bir kald\u0131ra\u00e7<\/b><span style=\"font-weight: 400;\"> olarak kullan\u0131r\u0131z.<\/span><span style=\"font-weight: 400;\"><\/span><\/span><\/li><\/ul><p style=\"text-align: left;\"><span style=\"color: #000000;\"><span style=\"font-weight: 400;\">JS Group, k\u00f6pr\u00fcler kurar:<\/span><span style=\"font-weight: 400;\"><br \/><\/span><span style=\"font-weight: 400;\"> <\/span><\/span><\/p><ul><li style=\"text-align: left;\"><span style=\"color: #000000;\"><span style=\"font-weight: 400;\">Fikir ile ger\u00e7ek aras\u0131nda,<\/span><\/span><\/li><li style=\"text-align: left;\"><span style=\"color: #000000;\"><span style=\"font-weight: 400;\">Yerel g\u00fc\u00e7 ile k\u00fcresel etki aras\u0131nda,<\/span><\/span><\/li><li style=\"text-align: left;\"><span style=\"color: #000000;\"><span style=\"font-weight: 400;\">Bug\u00fcn\u00fcn ihtiya\u00e7lar\u0131 ile yar\u0131n\u0131n standartlar\u0131 aras\u0131nda.<\/span><\/span><\/li><\/ul><p style=\"text-align: left;\"><span style=\"color: #000000;\"><span style=\"font-weight: 400;\">Bridge2Future; <\/span><span style=\"font-weight: 400;\">de\u011fi\u015fime ayak uydurmak de\u011fil, <\/span><b>de\u011fi\u015fimi y\u00f6neten tarafta durmakt\u0131r.<\/b><\/span><\/p>\t\t<\/div>\r\n\t\t\t\t\t<\/div>\n\t\t\t\t<\/div>\n\t\t\t\t<\/div>\n\t\t\t\t<\/div>\n\t\t\t\t\t<\/div>\n\t\t\t\t<\/div>\n\t\t<div class=\"elementor-element elementor-element-ee26d55 e-flex e-con-boxed tm-col-stretched-none tm-bg-color-over-image e-con e-parent\" data-id=\"ee26d55\" data-element_type=\"container\">\n\t\t\t\t\t<div class=\"e-con-inner\">\n\t\t\t\t<div class=\"elementor-element elementor-element-14c1737 elementor-widget elementor-widget-tm-ele-clients-logo\" data-id=\"14c1737\" data-element_type=\"widget\" data-widget_type=\"tm-ele-clients-logo.default\">\n\t\t\t\t<div class=\"elementor-widget-container\">\n\t\t\t\t\t\t<div class=\"tm-sc-clients-logo clients-carousel tm-swiper-container clients-animation-grayscale\" data-items=\"4\" data-space=\"30\" data-autoplay=\"true\" data-loop=\"true\" data-centered=\"true\" data-arrow=\"false\" data-bullets=\"false\" data-xxl-items=\"4\" data-lg-items=\"3\" data-md-items=\"2\" data-sm-items=\"1\" data-xs-items=\"1\" data-delay=\"3000\" data-speed=\"300\" data-freemod=\"false\" data-reversedir=\"false\" data-effect=\"slide\" data-disableoninteraction=\"false\" data-pauseonmouseenter=\"false\" data-allowtouchmove=\"true\">\r\n\t\t<div class=\"swiper-container-inner\">\r\n\t\t\t<div class=\"swiper-wrapper\">\r\n\t\t\t\t<!-- the loop -->\r\n\t\t\t\t\t\t\t\t\t<div class=\"swiper-slide\">\r\n\t\t\t\t\t\t<div class=\"each-logo\">\r\n\t<img fetchpriority=\"high\" decoding=\"async\" class=\"thumb\" src=\"https:\/\/metvibes.xyz\/jsholding\/wp-content\/uploads\/2026\/03\/ctpec-logo-1.jpg\"  width=\"500\" height=\"165\" alt=\"\"><\/div>\t\t\t\t\t<\/div>\r\n\t\t\t\t\t\t\t\t\t<div class=\"swiper-slide\">\r\n\t\t\t\t\t\t<div class=\"each-logo\">\r\n\t<img decoding=\"async\" class=\"thumb\" src=\"https:\/\/metvibes.xyz\/jsholding\/wp-content\/uploads\/2026\/03\/js-packaging-logo-1.jpg\"  width=\"500\" height=\"165\" alt=\"\"><\/div>\t\t\t\t\t<\/div>\r\n\t\t\t\t\t\t\t\t\t<div class=\"swiper-slide\">\r\n\t\t\t\t\t\t<div class=\"each-logo\">\r\n\t<img decoding=\"async\" class=\"thumb\" src=\"https:\/\/metvibes.xyz\/jsholding\/wp-content\/uploads\/2026\/03\/js-ad-logo-1.jpg\"  width=\"500\" height=\"165\" alt=\"\"><\/div>\t\t\t\t\t<\/div>\r\n\t\t\t\t\t\t\t\t\t<div class=\"swiper-slide\">\r\n\t\t\t\t\t\t<div class=\"each-logo\">\r\n\t<img loading=\"lazy\" decoding=\"async\" class=\"thumb\" src=\"https:\/\/metvibes.xyz\/jsholding\/wp-content\/uploads\/2026\/03\/jsne-logo-1.jpg\"  width=\"500\" height=\"165\" alt=\"\"><\/div>\t\t\t\t\t<\/div>\r\n\t\t\t\t\t\t\t\t\t<div class=\"swiper-slide\">\r\n\t\t\t\t\t\t<div class=\"each-logo\">\r\n\t<img loading=\"lazy\" decoding=\"async\" class=\"thumb\" src=\"https:\/\/metvibes.xyz\/jsholding\/wp-content\/uploads\/2026\/03\/talos-automation-logo-1.jpg\"  width=\"500\" height=\"165\" alt=\"\"><\/div>\t\t\t\t\t<\/div>\r\n\t\t\t\t\t\t\t\t\t<div class=\"swiper-slide\">\r\n\t\t\t\t\t\t<div class=\"each-logo\">\r\n\t<img loading=\"lazy\" decoding=\"async\" class=\"thumb\" src=\"https:\/\/metvibes.xyz\/jsholding\/wp-content\/uploads\/2026\/03\/anatolia-papermaking-logo-1.jpg\"  width=\"500\" height=\"165\" alt=\"\"><\/div>\t\t\t\t\t<\/div>\r\n\t\t\t\t\t\t\t\t<!-- end of the loop -->\r\n\t\t\t<\/div>\r\n\t\t<\/div>\r\n\r\n\t\t<div class=\"swiper-pagination d-none\"><\/div>\r\n\r\n\t\t<div class=\"tm-swiper-arrow tm-swiper-button-wrap d-none\">\r\n\t\t\t<div class=\"tm-swiper-arrow tm-swiper-button-prev\"><i class=\"lnr-icon-arrow-left\"><\/i><\/div>\r\n\t\t\t<div class=\"tm-swiper-arrow tm-swiper-button-next\"><i class=\"lnr-icon-arrow-right\"><\/i><\/div>\r\n\t\t<\/div>\r\n\t<\/div>\r\n\t\t\t\t<\/div>\n\t\t\t\t<\/div>\n\t\t\t\t\t<\/div>\n\t\t\t\t<\/div>\n\t\t\t\t<\/div>\n\t\t","protected":false},"excerpt":{"rendered":"<p>KURUMSAL Hakk\u0131m\u0131zda De\u011ferlerimiz Y\u00f6netim Kurulu Bridge2Future CTPEC \u0130LET\u0130\u015e\u0130M Maslak Mh. Maslak Meydan Sk. Beybi Giz Plaza A Blok 18. Kat&#8230;<\/p>\n","protected":false},"author":1,"featured_media":0,"parent":0,"menu_order":0,"comment_status":"closed","ping_status":"closed","template":"elementor_header_footer","meta":{"footnotes":""},"class_list":["post-16813","page","type-page","status-publish","hentry"],"_links":{"self":[{"href":"https:\/\/metvibes.xyz\/jsholding\/wp-json\/wp\/v2\/pages\/16813","targetHints":{"allow":["GET"]}}],"collection":[{"href":"https:\/\/metvibes.xyz\/jsholding\/wp-json\/wp\/v2\/pages"}],"about":[{"href":"https:\/\/metvibes.xyz\/jsholding\/wp-json\/wp\/v2\/types\/page"}],"author":[{"embeddable":true,"href":"https:\/\/metvibes.xyz\/jsholding\/wp-json\/wp\/v2\/users\/1"}],"replies":[{"embeddable":true,"href":"https:\/\/metvibes.xyz\/jsholding\/wp-json\/wp\/v2\/comments?post=16813"}],"version-history":[{"count":10,"href":"https:\/\/metvibes.xyz\/jsholding\/wp-json\/wp\/v2\/pages\/16813\/revisions"}],"predecessor-version":[{"id":16990,"href":"https:\/\/metvibes.xyz\/jsholding\/wp-json\/wp\/v2\/pages\/16813\/revisions\/16990"}],"wp:attachment":[{"href":"https:\/\/metvibes.xyz\/jsholding\/wp-json\/wp\/v2\/media?parent=16813"}],"curies":[{"name":"wp","href":"https:\/\/api.w.org\/{rel}","templated":true}]}}