{"id":12737,"date":"2025-09-08T01:53:05","date_gmt":"2025-09-08T01:53:05","guid":{"rendered":"https:\/\/metvibes.site\/ip\/?page_id=12737"},"modified":"2025-10-26T22:44:17","modified_gmt":"2025-10-26T22:44:17","slug":"patent","status":"publish","type":"page","link":"https:\/\/metvibes.xyz\/ip\/patent\/","title":{"rendered":"Patent"},"content":{"rendered":"\t\t<div data-elementor-type=\"wp-page\" data-elementor-id=\"12737\" class=\"elementor elementor-12737\" data-elementor-post-type=\"page\">\n\t\t\t\t<div class=\"elementor-element elementor-element-7d6b2d0 e-flex e-con-boxed tm-col-stretched-none tm-bg-color-over-image e-con e-parent\" data-id=\"7d6b2d0\" data-element_type=\"container\">\n\t\t\t\t\t<div class=\"e-con-inner\">\n\t\t<div class=\"elementor-element elementor-element-34aa1f2 e-con-full e-flex tm-col-stretched-none tm-bg-color-over-image e-con e-child\" data-id=\"34aa1f2\" data-element_type=\"container\">\n\t\t<div class=\"elementor-element elementor-element-9a22f1a e-con-full tm-col-stretched-none e-flex tm-bg-color-over-image e-con e-child\" data-id=\"9a22f1a\" data-element_type=\"container\">\n\t\t\t\t<div class=\"elementor-element elementor-element-dc48e0e elementor-widget elementor-widget-image\" data-id=\"dc48e0e\" data-element_type=\"widget\" data-widget_type=\"image.default\">\n\t\t\t\t\t\t\t\t\t\t\t\t\t\t\t<img fetchpriority=\"high\" decoding=\"async\" width=\"1920\" height=\"785\" src=\"https:\/\/metvibes.xyz\/ip\/wp-content\/uploads\/2025\/09\/2-1.jpg\" class=\"attachment-full size-full wp-image-13117\" alt=\"\" srcset=\"https:\/\/metvibes.xyz\/ip\/wp-content\/uploads\/2025\/09\/2-1.jpg 1920w, https:\/\/metvibes.xyz\/ip\/wp-content\/uploads\/2025\/09\/2-1-300x123.jpg 300w, https:\/\/metvibes.xyz\/ip\/wp-content\/uploads\/2025\/09\/2-1-1024x419.jpg 1024w, https:\/\/metvibes.xyz\/ip\/wp-content\/uploads\/2025\/09\/2-1-768x314.jpg 768w, https:\/\/metvibes.xyz\/ip\/wp-content\/uploads\/2025\/09\/2-1-1536x628.jpg 1536w, https:\/\/metvibes.xyz\/ip\/wp-content\/uploads\/2025\/09\/2-1-600x245.jpg 600w\" sizes=\"(max-width: 1920px) 100vw, 1920px\" \/>\t\t\t\t\t\t\t\t\t\t\t\t\t\t\t<\/div>\n\t\t\t\t<\/div>\n\t\t\t\t<\/div>\n\t\t\t\t\t<\/div>\n\t\t\t\t<\/div>\n\t\t<div class=\"elementor-element elementor-element-b866646 e-flex e-con-boxed tm-col-stretched-none tm-bg-color-over-image e-con e-parent\" data-id=\"b866646\" data-element_type=\"container\">\n\t\t\t\t\t<div class=\"e-con-inner\">\n\t\t<div class=\"elementor-element elementor-element-1bcb85e e-con-full e-flex tm-col-stretched-none tm-bg-color-over-image e-con e-child\" data-id=\"1bcb85e\" data-element_type=\"container\">\n\t\t<div class=\"elementor-element elementor-element-58cde1c e-con-full e-flex tm-col-stretched-none tm-bg-color-over-image e-con e-child\" data-id=\"58cde1c\" data-element_type=\"container\">\n\t\t\t\t<div class=\"elementor-element elementor-element-ca34fb1 elementor-widget elementor-widget-tm-ele-text-editor\" data-id=\"ca34fb1\" data-element_type=\"widget\" data-widget_type=\"tm-ele-text-editor.default\">\n\t\t\t\t<div class=\"elementor-widget-container\">\n\t\t\t\t\t\t\t<div class=\"tm-text-editor\" >\r\n\t\t<p><span style=\"font-weight: 400;\">Patentler ve faydal\u0131 modeller, bulu\u015flar\u0131n korunmas\u0131n\u0131 ve ticari hayatta de\u011fer yaratmas\u0131n\u0131 sa\u011flayan en \u00f6nemli ara\u00e7lard\u0131r. SEKA Marka &amp; Patent olarak, teknik ve hukuki uzmanl\u0131\u011f\u0131 bir araya getirerek, ba\u015fvurudan ticarile\u015ftirmeye kadar t\u00fcm s\u00fcre\u00e7lerde m\u00fcvekkillerimize u\u00e7tan uca hizmet sunmaktay\u0131z.<\/span><\/p><h3><b>\u00d6n Ara\u015ft\u0131rma ve Strateji<\/b><\/h3><ul><li style=\"font-weight: 400;\" aria-level=\"1\"><span style=\"font-weight: 400;\">Her dosya \u00f6zelinde, yenilik kriteri, bulu\u015f basama\u011f\u0131 ve sanayiye uygulanabilirlik unsurlar\u0131 ayr\u0131nt\u0131l\u0131 olarak incelenmektedir.<\/span><\/li><li style=\"font-weight: 400;\" aria-level=\"1\"><span style=\"font-weight: 400;\">Teknik uzman patent vekillerimiz ve hukuk\u00e7u patent vekillerimiz, ba\u015fvurunun ileride kar\u015f\u0131la\u015fabilece\u011fi olas\u0131 ihlal risklerini de analiz ederek strateji geli\u015ftirmektedir.<\/span><\/li><li style=\"font-weight: 400;\" aria-level=\"1\"><span style=\"font-weight: 400;\">Rakip patent portf\u00f6yleri ve olas\u0131 engeller de\u011ferlendirilmekte, hukuki g\u00f6r\u00fc\u015fl\u00fc ara\u015ft\u0131rma raporlar\u0131 sunulmaktad\u0131r.<\/span><\/li><\/ul><h3><b>Patent ve Faydal\u0131 Model Ba\u015fvurular\u0131<\/b><\/h3><ul><li style=\"font-weight: 400;\" aria-level=\"1\"><span style=\"font-weight: 400;\">T\u00fcrk Patent ve Marka Kurumu (T\u00dcRKPATENT), Avrupa Patent Ofisi (EPO) ve D\u00fcnya Fikri M\u00fclkiyet Te\u015fkilat\u0131 (WIPO) nezdinde ba\u015fvurular yap\u0131lmaktad\u0131r.<\/span><\/li><li style=\"font-weight: 400;\" aria-level=\"1\"><span style=\"font-weight: 400;\">Ba\u015fvurular teknik ve hukuki a\u00e7\u0131dan birlikte haz\u0131rlanmakta, b\u00f6ylece ileride ortaya \u00e7\u0131kabilecek itiraz, dava veya ihlal iddialar\u0131na kar\u015f\u0131 ba\u015ftan g\u00fc\u00e7l\u00fc bir koruma sa\u011flanmaktad\u0131r.<\/span><\/li><li style=\"font-weight: 400;\" aria-level=\"1\"><span style=\"font-weight: 400;\">Ticari \u00f6nemi y\u00fcksek bulu\u015flarda, Avrupa Patent Vekillerimiz do\u011frudan s\u00fcrece dahil olmakta ve ba\u015fvuru stratejisi k\u00fcresel \u00f6l\u00e7ekte kurgulanmaktad\u0131r.<\/span><\/li><\/ul><h3><b>\u0130nceleme ve Tescil S\u00fcre\u00e7leri<\/b><\/h3><ul><li style=\"font-weight: 400;\" aria-level=\"1\"><span style=\"font-weight: 400;\">Ara raporlar, inceleme raporlar\u0131 ve ret kararlar\u0131na kar\u015f\u0131 teknik\u2013hukuki i\u015f birli\u011fiyle haz\u0131rlanm\u0131\u015f cevaplar sunulmaktad\u0131r.<\/span><\/li><li style=\"font-weight: 400;\" aria-level=\"1\"><span style=\"font-weight: 400;\">Faydal\u0131 model ba\u015fvurular\u0131nda, yenilik ve sanayiye uygulanabilirlik kriterleri eksiksiz olarak kar\u015f\u0131lanmakta, koruma g\u00fcvence alt\u0131na al\u0131nmaktad\u0131r.<\/span><\/li><li style=\"font-weight: 400;\" aria-level=\"1\"><span style=\"font-weight: 400;\">Tescil s\u00fcreci ba\u015f\u0131ndan sonuna kadar takip edilmekte, m\u00fcvekkiller d\u00fczenli olarak bilgilendirilmektedir.<\/span><\/li><\/ul><h3><b>\u0130tiraz ve Savunmalar<\/b><\/h3><ul><li style=\"font-weight: 400;\" aria-level=\"1\"><span style=\"font-weight: 400;\">Rakip patent ve faydal\u0131 model ba\u015fvurular\u0131na kar\u015f\u0131 itiraz dilek\u00e7eleri haz\u0131rlanmakta, teknik ve hukuki arg\u00fcmanlar b\u00fct\u00fcnc\u00fcl olarak kullan\u0131lmaktad\u0131r.<\/span><\/li><li style=\"font-weight: 400;\" aria-level=\"1\"><span style=\"font-weight: 400;\">Patentlerinize kar\u015f\u0131 yap\u0131lan itirazlarda, kapsam daraltma, kullan\u0131m ispat\u0131 ve hukuki savunmalar uzman ekibimiz taraf\u0131ndan y\u00fcr\u00fct\u00fclmektedir.<\/span><\/li><\/ul><h3><b>UPC (Unified Patent Court)<\/b><\/h3><ul><li style=\"font-weight: 400;\" aria-level=\"1\"><span style=\"font-weight: 400;\">Avrupa Birli\u011fi\u2019nde y\u00fcr\u00fcrl\u00fc\u011fe giren Birle\u015fik Patent Mahkemesi (UPC) sistemi yak\u0131ndan takip edilmekte, m\u00fcvekkillerin unitary patent ba\u015fvurular\u0131 ve UPC \u00f6n\u00fcndeki olas\u0131 davalar\u0131 i\u00e7in stratejik dan\u0131\u015fmanl\u0131k sunulmaktad\u0131r.<\/span><\/li><li style=\"font-weight: 400;\" aria-level=\"1\"><span style=\"font-weight: 400;\">Avrupa\u2019daki bulu\u015flar\u0131n\u0131z i\u00e7in hem unitary patent korumas\u0131 hem de ulusal tescil se\u00e7enekleri de\u011ferlendirilmekte, en uygun yol haritas\u0131 belirlenmektedir.<\/span><\/li><\/ul><h3><b>Ticarile\u015ftirme ve Lisanslama<\/b><\/h3><ul><li style=\"font-weight: 400;\" aria-level=\"1\"><span style=\"font-weight: 400;\">Patent ve faydal\u0131 modellerin lisanslama, devir ve franchising s\u00f6zle\u015fmeleri haz\u0131rlanmakta, m\u00fczakereleri yap\u0131lmaktad\u0131r.<\/span><\/li><li style=\"font-weight: 400;\" aria-level=\"1\"><span style=\"font-weight: 400;\">Bulu\u015flar\u0131n ticari de\u011feri art\u0131r\u0131lmakta, yat\u0131r\u0131m s\u00fcre\u00e7lerinde portf\u00f6y\u00fcn\u00fcz\u00fcn katma de\u011feri g\u00fc\u00e7lendirilmektedir.<\/span><\/li><\/ul><h3><b>Patent ve Faydal\u0131 Model Davalar\u0131<\/b><\/h3><ul><li style=\"font-weight: 400;\" aria-level=\"1\"><span style=\"font-weight: 400;\">Patent h\u00fck\u00fcms\u00fczl\u00fck ve ihlal davalar\u0131, faydal\u0131 model iptal ve tazminat davalar\u0131 titizlikle takip edilmektedir.<\/span><\/li><li style=\"font-weight: 400;\" aria-level=\"1\"><span style=\"font-weight: 400;\">G\u00fcmr\u00fcklerde el koyma, ihtiyati tedbir ve lisans ihlali durumlar\u0131nda h\u0131zl\u0131 aksiyon al\u0131nmaktad\u0131r.<\/span><\/li><li style=\"font-weight: 400;\" aria-level=\"1\"><span style=\"font-weight: 400;\">Ulusal ve uluslararas\u0131 dava s\u00fcre\u00e7lerinde stratejik dan\u0131\u015fmanl\u0131k sa\u011flanmaktad\u0131r.<\/span><\/li><\/ul><p><span style=\"font-weight: 400;\">Not: Patent ve faydal\u0131 model davalar\u0131 ile t\u00fcm yarg\u0131sal s\u00fcre\u00e7ler, SEKA Avukatl\u0131k Ortakl\u0131\u011f\u0131 taraf\u0131ndan y\u00fcr\u00fct\u00fclmektedir.<\/span><\/p>\t\t<\/div>\r\n\t\t\t\t\t<\/div>\n\t\t\t\t<\/div>\n\t\t\t\t<\/div>\n\t\t<div class=\"elementor-element elementor-element-a1f3c00 e-con-full tm-col-stretched-none e-flex tm-bg-color-over-image e-con e-child\" data-id=\"a1f3c00\" data-element_type=\"container\">\n\t\t<div class=\"elementor-element elementor-element-d1fbb0d e-con-full e-flex tm-col-stretched-none tm-bg-color-over-image e-con e-child\" data-id=\"d1fbb0d\" data-element_type=\"container\" data-settings=\"{&quot;background_background&quot;:&quot;classic&quot;}\">\n\t\t\t\t<div class=\"elementor-element elementor-element-4cd81e7 elementor-widget elementor-widget-tm-ele-text-editor\" data-id=\"4cd81e7\" data-element_type=\"widget\" data-widget_type=\"tm-ele-text-editor.default\">\n\t\t\t\t<div class=\"elementor-widget-container\">\n\t\t\t\t\t\t\t<div class=\"tm-text-editor\" >\r\n\t\t<h4>Di\u011fer Hizmetlerimiz<\/h4>\t\t<\/div>\r\n\t\t\t\t\t<\/div>\n\t\t\t\t<\/div>\n\t\t\t\t<div class=\"elementor-element elementor-element-bc61164 elementor-widget__width-initial elementor-absolute elementor-widget-divider--view-line elementor-widget elementor-widget-divider\" data-id=\"bc61164\" data-element_type=\"widget\" data-settings=\"{&quot;_position&quot;:&quot;absolute&quot;}\" data-widget_type=\"divider.default\">\n\t\t\t\t\t\t\t<div class=\"elementor-divider\">\n\t\t\t<span class=\"elementor-divider-separator\">\n\t\t\t\t\t\t<\/span>\n\t\t<\/div>\n\t\t\t\t\t\t<\/div>\n\t\t\t\t<div class=\"elementor-element elementor-element-da25605 elementor-widget elementor-widget-tm-ele-navigation-menu\" data-id=\"da25605\" data-element_type=\"widget\" data-widget_type=\"tm-ele-navigation-menu.default\">\n\t\t\t\t<div class=\"elementor-widget-container\">\n\t\t\t\t\t<div class=\"tm-sc-simple-nav-menu\"><ul id=\"menu-hizmetler-sub-menu\" class=\"\"><li id=\"menu-item-12748\" class=\"menu-item menu-item-type-post_type menu-item-object-page menu-item-12748\"><a href=\"https:\/\/metvibes.xyz\/ip\/marka\/\"><i class=\"tm-nav-arrow-icon  flaticon-common-arrow-right\"><\/i>Marka<\/a><\/li>\n<li id=\"menu-item-12747\" class=\"menu-item menu-item-type-post_type menu-item-object-page menu-item-12747\"><a href=\"https:\/\/metvibes.xyz\/ip\/patent\/\"><i class=\"tm-nav-arrow-icon  flaticon-common-arrow-right\"><\/i>Patent<\/a><\/li>\n<li id=\"menu-item-12746\" class=\"menu-item menu-item-type-post_type menu-item-object-page menu-item-12746\"><a href=\"https:\/\/metvibes.xyz\/ip\/tasarim\/\"><i class=\"tm-nav-arrow-icon  flaticon-common-arrow-right\"><\/i>Tasar\u0131m<\/a><\/li>\n<li id=\"menu-item-12745\" class=\"menu-item menu-item-type-post_type menu-item-object-page menu-item-12745\"><a href=\"https:\/\/metvibes.xyz\/ip\/alan-adi\/\"><i class=\"tm-nav-arrow-icon  flaticon-common-arrow-right\"><\/i>Alan Ad\u0131<\/a><\/li>\n<\/ul><\/div>\t\t\t\t<\/div>\n\t\t\t\t<\/div>\n\t\t\t\t<\/div>\n\t\t<div class=\"elementor-element elementor-element-b9b2cfb e-con-full tm-col-stretched-none e-flex tm-bg-color-over-image e-con e-child\" data-id=\"b9b2cfb\" data-element_type=\"container\" data-settings=\"{&quot;background_background&quot;:&quot;classic&quot;}\">\n\t\t\t\t<div class=\"elementor-element elementor-element-21a11e8 elementor-widget elementor-widget-tm-ele-text-editor\" data-id=\"21a11e8\" data-element_type=\"widget\" data-widget_type=\"tm-ele-text-editor.default\">\n\t\t\t\t<div class=\"elementor-widget-container\">\n\t\t\t\t\t\t\t<div class=\"tm-text-editor\" >\r\n\t\t<h4>Bize Ula\u015f\u0131n<\/h4>\t\t<\/div>\r\n\t\t\t\t\t<\/div>\n\t\t\t\t<\/div>\n\t\t\t\t<div class=\"elementor-element elementor-element-a495a3d elementor-widget elementor-widget-tm-ele-text-editor-advanced\" data-id=\"a495a3d\" data-element_type=\"widget\" data-widget_type=\"tm-ele-text-editor-advanced.default\">\n\t\t\t\t<div class=\"elementor-widget-container\">\n\t\t\t\t\t\t\t<div class=\"tm-text-editor-advanced\">\r\n\t\t\t\t\t<div class=\"each-item elementor-repeater-item-f5252c0\" >\r\n\t\t\t\t<div class=\"elementor-element elementor-element-858da50 e-flex e-con-boxed tm-col-stretched-none tm-bg-color-over-image e-con e-child tm-bgimage-no tm-bgcolor-yes\" data-id=\"858da50\" data-element_type=\"container\"><div class=\"e-con-inner\"><div class=\"elementor-element elementor-element-1183034 e-con-full e-flex tm-col-stretched-none tm-bg-color-over-image e-con e-child tm-bgimage-yes tm-bgcolor-yes animated fadeInUp\" data-id=\"1183034\" data-element_type=\"container\" data-settings=\"{&quot;animation&quot;:&quot;fadeInUp&quot;}\"><div class=\"elementor-element elementor-element-03e67b1 e-con-full e-flex tm-col-stretched-none tm-bg-color-over-image e-con e-child tm-bgimage-yes tm-bgcolor-yes\" data-id=\"03e67b1\" data-element_type=\"container\"><div class=\"elementor-element elementor-element-74c29f1 e-con-full e-flex tm-col-stretched-none tm-bg-color-over-image e-con e-child tm-bgimage-yes tm-bgcolor-yes\" data-id=\"74c29f1\" data-element_type=\"container\"><div class=\"elementor-element elementor-element-3454d5b elementor-widget__width-initial elementor-widget elementor-widget-tm-ele-list\" data-id=\"3454d5b\" data-element_type=\"widget\" data-widget_type=\"tm-ele-list.default\"><div class=\"elementor-widget-container\"><p><a href=\"https:\/\/metvibes.xyz\/ip\/iletisim\/\"><strong>\u0130stanbul<\/strong><\/a><\/p><p><span style=\"font-weight: 400;\">Maslak Mah. Maslak Meydan Sokak. No:3 Veko Giz Plaza, Kat:20, Sar\u0131yer, \u0130stanbul\/T\u00fcrkiye<\/span><\/p><p><a href=\"https:\/\/metvibes.xyz\/ip\/iletisim\/\"><strong>Dubai<\/strong><\/a><\/p><p><span style=\"font-weight: 400;\">Al Barsha First, Office No: 401\u2013119, Plot No: 472\u20130, Makani: 1675078763, Dubai, UAE<\/span><\/p><p><a href=\"https:\/\/metvibes.xyz\/ip\/iletisim\/\"><strong>Londra<\/strong><\/a><\/p><p><span style=\"font-weight: 400;\">C\/o Ida&amp;Co Building 3 Chiswick Business Park 566 Chiswick High Road W4 5YA London<\/span><\/p><p><a href=\"https:\/\/metvibes.xyz\/ip\/iletisim\/\"><b>Tiran<\/b><\/a><\/p><p>Tirane Tirane Rruga \u201cPapa Gjon Pali II\u201d, Nd\u00ebrtesa Nr. 12,<br \/>ABA Business Center, Nj\u00ebsia Administrative Nr. 2, Tiran\u00eb<\/p><\/div><\/div><\/div><\/div><\/div><\/div><\/div><div class=\"elementor-element elementor-element-4416c07 e-con-full e-flex tm-col-stretched-none tm-bg-color-over-image e-con e-child tm-bgimage-yes tm-bgcolor-yes\" data-id=\"4416c07\" data-element_type=\"container\" data-settings=\"{&quot;background_background&quot;:&quot;classic&quot;}\"><div class=\"elementor-element elementor-element-33c88e2 elementor-widget elementor-widget-tm-ele-text-editor animated fadeIn\" data-id=\"33c88e2\" data-element_type=\"widget\" data-settings=\"{&quot;_animation&quot;:&quot;fadeIn&quot;}\" data-widget_type=\"tm-ele-text-editor.default\"><div class=\"elementor-widget-container\"><div class=\"tm-text-editor\"><\/div><\/div><\/div><\/div>\t\t\t\t<\/div>\r\n\t\t\t\t\t\t\t\t<div class=\"each-item elementor-repeater-item-6964e67\" >\r\n\t\t\t\t<div class=\"elementor-element elementor-element-858da50 e-flex e-con-boxed tm-col-stretched-none tm-bg-color-over-image e-con e-child tm-bgimage-no tm-bgcolor-yes\" data-id=\"858da50\" data-element_type=\"container\"><div class=\"e-con-inner\"><div class=\"elementor-element elementor-element-1183034 e-con-full e-flex tm-col-stretched-none tm-bg-color-over-image e-con e-child tm-bgimage-yes tm-bgcolor-yes animated fadeInUp\" data-id=\"1183034\" data-element_type=\"container\" data-settings=\"{&quot;animation&quot;:&quot;fadeInUp&quot;}\"><div class=\"elementor-element elementor-element-03e67b1 e-con-full e-flex tm-col-stretched-none tm-bg-color-over-image e-con e-child tm-bgimage-yes tm-bgcolor-yes\" data-id=\"03e67b1\" data-element_type=\"container\"><div class=\"elementor-element elementor-element-74c29f1 e-con-full e-flex tm-col-stretched-none tm-bg-color-over-image e-con e-child tm-bgimage-yes tm-bgcolor-yes\" data-id=\"74c29f1\" data-element_type=\"container\"><div class=\"elementor-element elementor-element-3454d5b elementor-widget__width-initial elementor-widget elementor-widget-tm-ele-list\" data-id=\"3454d5b\" data-element_type=\"widget\" data-widget_type=\"tm-ele-list.default\"><div class=\"elementor-widget-container\"><p><span>\u00a0<\/span><span>info@sekaip.com<\/span><\/p><\/div><\/div><\/div><\/div><\/div><\/div><\/div>\t\t\t\t<\/div>\r\n\t\t\t\t\t\t<\/div>\r\n\t\t\t\t\t<\/div>\n\t\t\t\t<\/div>\n\t\t\t\t<div class=\"elementor-element elementor-element-8b47df3 elementor-widget elementor-widget-tm-ele-iconbox\" data-id=\"8b47df3\" data-element_type=\"widget\" data-widget_type=\"tm-ele-iconbox.default\">\n\t\t\t\t<div class=\"elementor-widget-container\">\n\t\t\t\t\t<div class=\"tm-sc-icon-box icon-box icon-left font-icon icon-left animate-hover icon-rotate-y\">\r\n\t\r\n  \t<div class=\"icon-box-wrapper\">\r\n\t\t\r\n\t\t<div class=\"icon-wrapper\">\r\n\t\t<div class=\"icon icon-default icon-type-font-icon icon-size-default\">\r\n\t\t\t<i aria-hidden=\"true\" class=\" flaticon-common-technology\"><\/i>\t\t<\/div>\r\n\r\n\t\t\t<\/div>\r\n\t\t\t<div class=\"icon-text\">\r\n\t\t\t\t\t\t<div class=\"content\"><h6>Telefon<\/h6><\/div>\r\n\t\t\t\r\n\t\t\t\t<h5 class=\"icon-box-title \">\r\n\t\t\t\t\t\t\t+90 (212) 948 22 20\t\t\t\t\t<\/h5>\r\n\t\t\t\t\t\r\n\t\t\t\r\n\t\r\n\t\t\t\t\t<\/div>\r\n\t\t<div class=\"clearfix\"><\/div>\r\n\t<\/div>\r\n<\/div>\t\t\t\t<\/div>\n\t\t\t\t<\/div>\n\t\t\t\t<\/div>\n\t\t<div class=\"elementor-element elementor-element-af48ae7 e-con-full e-flex tm-col-stretched-none tm-bg-color-over-image e-con e-child\" data-id=\"af48ae7\" data-element_type=\"container\" data-settings=\"{&quot;background_background&quot;:&quot;classic&quot;}\">\n\t\t\t\t<div class=\"elementor-element elementor-element-cdfb088 elementor-widget elementor-widget-tm-ele-text-editor\" data-id=\"cdfb088\" data-element_type=\"widget\" data-widget_type=\"tm-ele-text-editor.default\">\n\t\t\t\t<div class=\"elementor-widget-container\">\n\t\t\t\t\t\t\t<div class=\"tm-text-editor\" >\r\n\t\t<h4>\u0130leti\u015fim Formu<\/h4>\t\t<\/div>\r\n\t\t\t\t\t<\/div>\n\t\t\t\t<\/div>\n\t\t\t\t<div class=\"elementor-element elementor-element-a59fef8 tm-contact-form-7-button-align-left tm-contact-form-7-button-custom elementor-widget elementor-widget-tm-ele-contact-form-7\" data-id=\"a59fef8\" data-element_type=\"widget\" data-widget_type=\"tm-ele-contact-form-7.default\">\n\t\t\t\t<div class=\"elementor-widget-container\">\n\t\t\t\t\t<div class=\"tm-contact-form-7-wrapper\">\r\n\t\t\t\t<div class=\"tm-contact-form tm-contact-form-7 tm-contact-form-a59fef8 placeholder-show tm-contact-form-align-default\">\n<div class=\"wpcf7 no-js\" id=\"wpcf7-f698-o1\" lang=\"en-US\" dir=\"ltr\" data-wpcf7-id=\"698\">\n<div class=\"screen-reader-response\"><p role=\"status\" aria-live=\"polite\" aria-atomic=\"true\"><\/p> <ul><\/ul><\/div>\n<form action=\"\/ip\/wp-json\/wp\/v2\/pages\/12737#wpcf7-f698-o1\" method=\"post\" class=\"wpcf7-form init\" aria-label=\"Contact form\" novalidate=\"novalidate\" data-status=\"init\">\n<fieldset class=\"hidden-fields-container\"><input type=\"hidden\" name=\"_wpcf7\" value=\"698\" \/><input type=\"hidden\" name=\"_wpcf7_version\" value=\"6.1.2\" \/><input type=\"hidden\" name=\"_wpcf7_locale\" value=\"en_US\" \/><input type=\"hidden\" name=\"_wpcf7_unit_tag\" value=\"wpcf7-f698-o1\" \/><input type=\"hidden\" name=\"_wpcf7_container_post\" value=\"0\" \/><input type=\"hidden\" name=\"_wpcf7_posted_data_hash\" value=\"\" \/>\n<\/fieldset>\n<div class=\"contact\">\n  <div class=\"row g-3\">\n    <div class=\"col-sm-12\">\n        <span class=\"wpcf7-form-control-wrap\" data-name=\"your-name\"><input size=\"40\" maxlength=\"400\" class=\"wpcf7-form-control wpcf7-text wpcf7-validates-as-required form-control\" aria-required=\"true\" aria-invalid=\"false\" placeholder=\"Ad Soyad\" value=\"\" type=\"text\" name=\"your-name\" \/><\/span>\n    <\/div>\n    <div class=\"col-sm-12\">\n        <span class=\"wpcf7-form-control-wrap\" data-name=\"your-email\"><input size=\"40\" maxlength=\"400\" class=\"wpcf7-form-control wpcf7-email wpcf7-validates-as-required wpcf7-text wpcf7-validates-as-email form-control\" aria-required=\"true\" aria-invalid=\"false\" placeholder=\"E-Posta Adresi\" value=\"\" type=\"email\" name=\"your-email\" \/><\/span>\n    <\/div>\n\t<div class=\"col-sm-12\">\n        <span class=\"wpcf7-form-control-wrap\" data-name=\"your-email\"><input size=\"40\" maxlength=\"400\" class=\"wpcf7-form-control wpcf7-text wpcf7-validates-as-required form-control\" aria-required=\"true\" aria-invalid=\"false\" placeholder=\"Telefon\" value=\"\" type=\"text\" name=\"your-email\" \/><\/span>\n    <\/div>\n    <div class=\"col-sm-12\">\n        <span class=\"wpcf7-form-control-wrap\" data-name=\"your-message\"><textarea cols=\"40\" rows=\"7\" maxlength=\"2000\" class=\"wpcf7-form-control wpcf7-textarea wpcf7-validates-as-required form-control\" aria-required=\"true\" aria-invalid=\"false\" placeholder=\"Mesaj\u0131n\u0131z\" name=\"your-message\"><\/textarea><\/span>\n    <\/div>\n    <div class=\"col-sm-12\">\n        <input class=\"wpcf7-form-control wpcf7-submit has-spinner btn btn-theme-colored2\" type=\"submit\" value=\"Formu G\u00f6nder\" \/>\n    <\/div>\n  <\/div>\n<\/div><div class=\"wpcf7-response-output\" aria-hidden=\"true\"><\/div>\n<\/form>\n<\/div>\n<\/div>\r\n\t\t\t<\/div>\t\t\t\t<\/div>\n\t\t\t\t<\/div>\n\t\t\t\t<div class=\"elementor-element elementor-element-18da48e elementor-widget__width-initial elementor-absolute elementor-widget-divider--view-line elementor-widget elementor-widget-divider\" data-id=\"18da48e\" data-element_type=\"widget\" data-settings=\"{&quot;_position&quot;:&quot;absolute&quot;}\" data-widget_type=\"divider.default\">\n\t\t\t\t\t\t\t<div class=\"elementor-divider\">\n\t\t\t<span class=\"elementor-divider-separator\">\n\t\t\t\t\t\t<\/span>\n\t\t<\/div>\n\t\t\t\t\t\t<\/div>\n\t\t\t\t<\/div>\n\t\t\t\t<\/div>\n\t\t\t\t<\/div>\n\t\t\t\t\t<\/div>\n\t\t\t\t<\/div>\n\t\t\t\t<\/div>\n\t\t","protected":false},"excerpt":{"rendered":"<p>Patentler ve faydal\u0131 modeller, bulu\u015flar\u0131n korunmas\u0131n\u0131 ve ticari hayatta de\u011fer yaratmas\u0131n\u0131 sa\u011flayan en \u00f6nemli ara\u00e7lard\u0131r. SEKA Marka &amp; Patent olarak,&#8230;<\/p>\n","protected":false},"author":1,"featured_media":0,"parent":0,"menu_order":0,"comment_status":"closed","ping_status":"closed","template":"","meta":{"footnotes":""},"class_list":["post-12737","page","type-page","status-publish","hentry"],"_links":{"self":[{"href":"https:\/\/metvibes.xyz\/ip\/wp-json\/wp\/v2\/pages\/12737","targetHints":{"allow":["GET"]}}],"collection":[{"href":"https:\/\/metvibes.xyz\/ip\/wp-json\/wp\/v2\/pages"}],"about":[{"href":"https:\/\/metvibes.xyz\/ip\/wp-json\/wp\/v2\/types\/page"}],"author":[{"embeddable":true,"href":"https:\/\/metvibes.xyz\/ip\/wp-json\/wp\/v2\/users\/1"}],"replies":[{"embeddable":true,"href":"https:\/\/metvibes.xyz\/ip\/wp-json\/wp\/v2\/comments?post=12737"}],"version-history":[{"count":29,"href":"https:\/\/metvibes.xyz\/ip\/wp-json\/wp\/v2\/pages\/12737\/revisions"}],"predecessor-version":[{"id":13409,"href":"https:\/\/metvibes.xyz\/ip\/wp-json\/wp\/v2\/pages\/12737\/revisions\/13409"}],"wp:attachment":[{"href":"https:\/\/metvibes.xyz\/ip\/wp-json\/wp\/v2\/media?parent=12737"}],"curies":[{"name":"wp","href":"https:\/\/api.w.org\/{rel}","templated":true}]}}